{"id":756,"date":"2020-02-25T20:33:56","date_gmt":"2020-02-25T19:33:56","guid":{"rendered":"https:\/\/www.hotel-pelican-charleville.com\/?page_id=756"},"modified":"2020-02-25T22:47:48","modified_gmt":"2020-02-25T21:47:48","slug":"reservation-2","status":"publish","type":"page","link":"https:\/\/www.hotel-pelican-charleville.com\/en\/reservation-2\/","title":{"rendered":"reservation"},"content":{"rendered":"\t\t<div data-elementor-type=\"wp-post\" data-elementor-id=\"756\" class=\"elementor elementor-756\">\n\t\t\t\t\t\t<section class=\"elementor-section elementor-top-section elementor-element elementor-element-7c6ff5bb elementor-section-full_width elementor-section-height-min-height elementor-section-height-default elementor-section-items-middle\" data-id=\"7c6ff5bb\" data-element_type=\"section\" data-settings=\"{&quot;background_background&quot;:&quot;classic&quot;}\">\n\t\t\t\t\t\t\t<div class=\"elementor-background-overlay\"><\/div>\n\t\t\t\t\t\t\t<div class=\"elementor-container elementor-column-gap-default\">\n\t\t\t\t\t<div class=\"elementor-column elementor-col-100 elementor-top-column elementor-element elementor-element-91f9f2b\" data-id=\"91f9f2b\" data-element_type=\"column\">\n\t\t\t<div class=\"elementor-widget-wrap elementor-element-populated\">\n\t\t\t\t\t\t<div class=\"elementor-element elementor-element-32575fce elementor-widget elementor-widget-spacer\" data-id=\"32575fce\" data-element_type=\"widget\" data-widget_type=\"spacer.default\">\n\t\t\t\t<div class=\"elementor-widget-container\">\n\t\t\t\t\t<div class=\"elementor-spacer\">\n\t\t\t<div class=\"elementor-spacer-inner\"><\/div>\n\t\t<\/div>\n\t\t\t\t<\/div>\n\t\t\t\t<\/div>\n\t\t\t\t<div class=\"elementor-element elementor-element-b83b3ee elementor-view-default elementor-position-top elementor-invisible elementor-widget elementor-widget-themo-header\" data-id=\"b83b3ee\" data-element_type=\"widget\" data-settings=\"{&quot;_animation&quot;:&quot;fadeIn&quot;}\" data-widget_type=\"themo-header.default\">\n\t\t\t\t<div class=\"elementor-widget-container\">\n\t\t\t\t\t<div class=\"th-header-wrap\">\n        <div class=\"elementor-icon-box-wrapper \">\n                            <div class=\"elementor-icon-box-content\">\n                    <h1 class=\"elementor-icon-box-title\">\n                        Reservation                    <\/h1>\n                                        <p class=\"elementor-icon-box-description\"><\/p>\n\n                                    <\/div>\n            <\/div>\n\n        <\/div>\n\n\t\t\t\t<\/div>\n\t\t\t\t<\/div>\n\t\t\t\t\t<\/div>\n\t\t<\/div>\n\t\t\t\t\t<\/div>\n\t\t<\/section>\n\t\t\t\t<section class=\"elementor-section elementor-top-section elementor-element elementor-element-8cfae62 elementor-section-boxed elementor-section-height-default elementor-section-height-default\" data-id=\"8cfae62\" data-element_type=\"section\">\n\t\t\t\t\t\t<div class=\"elementor-container elementor-column-gap-default\">\n\t\t\t\t\t<div class=\"elementor-column elementor-col-66 elementor-top-column elementor-element elementor-element-774d30d\" data-id=\"774d30d\" data-element_type=\"column\">\n\t\t\t<div class=\"elementor-widget-wrap elementor-element-populated\">\n\t\t\t\t\t\t<div class=\"elementor-element elementor-element-c5826df elementor-widget elementor-widget-spacer\" data-id=\"c5826df\" data-element_type=\"widget\" data-widget_type=\"spacer.default\">\n\t\t\t\t<div class=\"elementor-widget-container\">\n\t\t\t\t\t<div class=\"elementor-spacer\">\n\t\t\t<div class=\"elementor-spacer-inner\"><\/div>\n\t\t<\/div>\n\t\t\t\t<\/div>\n\t\t\t\t<\/div>\n\t\t\t\t<div class=\"elementor-element elementor-element-c493043 elementor-widget elementor-widget-themo-mphb-search-form\" data-id=\"c493043\" data-element_type=\"widget\" data-widget_type=\"themo-mphb-search-form.default\">\n\t\t\t\t<div class=\"elementor-widget-container\">\n\t\t\t        <div class=\"th-fo-form  th-centered th-conversion  th-btn-form btn-standard-primary-form\"><div class=\"mphb_sc_search-wrapper  frm_forms with_frm_style\">\n<form method=\"GET\" class=\"mphb_sc_search-form\" action=\"https:\/\/www.hotel-pelican-charleville.com\/en\/search-for-available-rooms\/\" data-first_available_check_in_date=\"2026-04-30\">\n\n\t<p class = \"mphb-required-fields-tip\">\n\t<small>\n\t\tRequired fields are followed by\t\t<abbr title=\"required\">*<\/abbr>\n\t<\/small>\n<\/p>\n\n\t<p class=\"mphb_sc_search-check-in-date frm_form_field\">\n\t\t<label for=\"mphb_check_in_date-mphb-search-form-69f35c4256066\">\n\t\t\tCheck-in\t\t\t<abbr title=\"Formatted as dd\/mm\/yyyy\">*<\/abbr>\n\t\t<\/label>\n\t\t<br \/>\n\t\t<input\n\t\t\tid=\"mphb_check_in_date-mphb-search-form-69f35c4256066\"\n\t\t\tdata-datepick-group=\"mphb-search-form-69f35c4256066\"\n\t\t\tvalue=\"\"\n\t\t\tplaceholder=\"Check-in Date\"\n\t\t\trequired=\"required\"\n\t\t\ttype=\"text\"\n\t\t\tinputmode=\"none\"\n\t\t\tname=\"mphb_check_in_date\"\n\t\t\tclass=\"mphb-datepick\"\n\t\t\tautocomplete=\"off\"\n\t\t\t\/>\n\t<\/p>\n\n\t<p class=\"mphb_sc_search-check-out-date frm_form_field\">\n\t\t<label for=\"mphb_check_out_date-mphb-search-form-69f35c4256066\">\n\t\t\tCheck-out\t\t\t<abbr title=\"Formatted as dd\/mm\/yyyy\">*<\/abbr>\n\t\t<\/label>\n\t\t<br \/>\n\t\t<input\n\t\t\tid=\"mphb_check_out_date-mphb-search-form-69f35c4256066\"\n\t\t\tdata-datepick-group=\"mphb-search-form-69f35c4256066\"\n\t\t\tvalue=\"\"\n\t\t\tplaceholder=\"Check-out Date\"\n\t\t\trequired=\"required\"\n\t\t\ttype=\"text\"\n\t\t\tinputmode=\"none\"\n\t\t\tname=\"mphb_check_out_date\"\n\t\t\tclass=\"mphb-datepick\"\n\t\t\tautocomplete=\"off\"\n\t\t\t\/>\n\t<\/p>\n\n\t\t\t<p class=\"mphb_sc_search-adults frm_form_field\">\n\t\t\t<label for=\"mphb_adults-mphb-search-form-69f35c4256066\">\n\t\t\t\tAdults\t\t\t<\/label>\n\t\t\t<br \/>\n\t\t\t<select id=\"mphb_adults-mphb-search-form-69f35c4256066\" name=\"mphb_adults\" >\n\t\t\t\t\t\t\t\t\t<option value=\"1\"  selected='selected'>1<\/option>\n\t\t\t\t\t\t\t\t\t<option value=\"2\" >2<\/option>\n\t\t\t\t\t\t\t\t\t<option value=\"3\" >3<\/option>\n\t\t\t\t\t\t\t\t\t<option value=\"4\" >4<\/option>\n\t\t\t\t\t\t\t\t\t<option value=\"5\" >5<\/option>\n\t\t\t\t\t\t\t\t\t<option value=\"6\" >6<\/option>\n\t\t\t\t\t\t\t\t\t<option value=\"7\" >7<\/option>\n\t\t\t\t\t\t\t\t\t<option value=\"8\" >8<\/option>\n\t\t\t\t\t\t\t\t\t<option value=\"9\" >9<\/option>\n\t\t\t\t\t\t\t\t\t<option value=\"10\" >10<\/option>\n\t\t\t\t\t\t\t\t\t<option value=\"11\" >11<\/option>\n\t\t\t\t\t\t\t\t\t<option value=\"12\" >12<\/option>\n\t\t\t\t\t\t\t\t\t<option value=\"13\" >13<\/option>\n\t\t\t\t\t\t\t\t\t<option value=\"14\" >14<\/option>\n\t\t\t\t\t\t\t\t\t<option value=\"15\" >15<\/option>\n\t\t\t\t\t\t\t\t\t<option value=\"16\" >16<\/option>\n\t\t\t\t\t\t\t\t\t<option value=\"17\" >17<\/option>\n\t\t\t\t\t\t\t\t\t<option value=\"18\" >18<\/option>\n\t\t\t\t\t\t\t\t\t<option value=\"19\" >19<\/option>\n\t\t\t\t\t\t\t\t\t<option value=\"20\" >20<\/option>\n\t\t\t\t\t\t\t\t\t<option value=\"21\" >21<\/option>\n\t\t\t\t\t\t\t\t\t<option value=\"22\" >22<\/option>\n\t\t\t\t\t\t\t\t\t<option value=\"23\" >23<\/option>\n\t\t\t\t\t\t\t\t\t<option value=\"24\" >24<\/option>\n\t\t\t\t\t\t\t\t\t<option value=\"25\" >25<\/option>\n\t\t\t\t\t\t\t\t\t<option value=\"26\" >26<\/option>\n\t\t\t\t\t\t\t<\/select>\n\t\t<\/p>\n\t\n\t\t\t<p class=\"mphb_sc_search-children frm_form_field\">\n\t\t\t<label for=\"mphb_children-mphb-search-form-69f35c4256066\">\n\t\t\t\tChildren\t\t\t<\/label>\n\t\t\t<br \/>\n\t\t\t<select id=\"mphb_children-mphb-search-form-69f35c4256066\" name=\"mphb_children\">\n\t\t\t\t\t\t\t\t\t<option value=\"0\"  selected='selected'>0<\/option>\n\t\t\t\t\t\t\t\t\t<option value=\"1\" >1<\/option>\n\t\t\t\t\t\t\t\t\t<option value=\"2\" >2<\/option>\n\t\t\t\t\t\t\t\t\t<option value=\"3\" >3<\/option>\n\t\t\t\t\t\t\t\t\t<option value=\"4\" >4<\/option>\n\t\t\t\t\t\t\t\t\t<option value=\"5\" >5<\/option>\n\t\t\t\t\t\t\t\t\t<option value=\"6\" >6<\/option>\n\t\t\t\t\t\t\t\t\t<option value=\"7\" >7<\/option>\n\t\t\t\t\t\t\t\t\t<option value=\"8\" >8<\/option>\n\t\t\t\t\t\t\t\t\t<option value=\"9\" >9<\/option>\n\t\t\t\t\t\t\t\t\t<option value=\"10\" >10<\/option>\n\t\t\t\t\t\t\t<\/select>\n\t\t<\/p>\n\t\n\t\n\t\n\t<input id=\"mphb_check_in_date-mphb-search-form-69f35c4256066-hidden\" value=\"\" type=\"hidden\" name=\"mphb_check_in_date\" \/><input id=\"mphb_check_out_date-mphb-search-form-69f35c4256066-hidden\" value=\"\" type=\"hidden\" name=\"mphb_check_out_date\" \/>\n\t<p class=\"mphb_sc_search-submit-button-wrapper frm_submit\">\n\t\t<input type=\"submit\" class=\"button\" value=\"Search\"\/>\n\t<\/p>\n\n\t\n<\/form>\n<\/div><\/div>\n        \t\t<\/div>\n\t\t\t\t<\/div>\n\t\t\t\t<div class=\"elementor-element elementor-element-7f174c7 elementor-widget elementor-widget-spacer\" data-id=\"7f174c7\" data-element_type=\"widget\" data-widget_type=\"spacer.default\">\n\t\t\t\t<div class=\"elementor-widget-container\">\n\t\t\t\t\t<div class=\"elementor-spacer\">\n\t\t\t<div class=\"elementor-spacer-inner\"><\/div>\n\t\t<\/div>\n\t\t\t\t<\/div>\n\t\t\t\t<\/div>\n\t\t\t\t<section class=\"elementor-section elementor-inner-section elementor-element elementor-element-dccf423 elementor-section-boxed elementor-section-height-default elementor-section-height-default\" data-id=\"dccf423\" data-element_type=\"section\">\n\t\t\t\t\t\t<div class=\"elementor-container elementor-column-gap-default\">\n\t\t\t\t\t<div class=\"elementor-column elementor-col-100 elementor-inner-column elementor-element elementor-element-c3ca9fd\" data-id=\"c3ca9fd\" data-element_type=\"column\">\n\t\t\t<div class=\"elementor-widget-wrap\">\n\t\t\t\t\t\t\t<\/div>\n\t\t<\/div>\n\t\t\t\t\t<\/div>\n\t\t<\/section>\n\t\t\t\t<div class=\"elementor-element elementor-element-a0165aa elementor-widget elementor-widget-spacer\" data-id=\"a0165aa\" data-element_type=\"widget\" data-widget_type=\"spacer.default\">\n\t\t\t\t<div class=\"elementor-widget-container\">\n\t\t\t\t\t<div class=\"elementor-spacer\">\n\t\t\t<div class=\"elementor-spacer-inner\"><\/div>\n\t\t<\/div>\n\t\t\t\t<\/div>\n\t\t\t\t<\/div>\n\t\t\t\t<div class=\"elementor-element elementor-element-43760af elementor-widget elementor-widget-spacer\" data-id=\"43760af\" data-element_type=\"widget\" data-widget_type=\"spacer.default\">\n\t\t\t\t<div class=\"elementor-widget-container\">\n\t\t\t\t\t<div class=\"elementor-spacer\">\n\t\t\t<div class=\"elementor-spacer-inner\"><\/div>\n\t\t<\/div>\n\t\t\t\t<\/div>\n\t\t\t\t<\/div>\n\t\t\t\t<div class=\"elementor-element elementor-element-ba10302 elementor-widget elementor-widget-menu-anchor\" data-id=\"ba10302\" data-element_type=\"widget\" data-widget_type=\"menu-anchor.default\">\n\t\t\t\t<div class=\"elementor-widget-container\">\n\t\t\t\t\t<div class=\"elementor-menu-anchor\" id=\"faq\"><\/div>\n\t\t\t\t<\/div>\n\t\t\t\t<\/div>\n\t\t\t\t<div class=\"elementor-element elementor-element-3e72c33 elementor-widget elementor-widget-spacer\" data-id=\"3e72c33\" data-element_type=\"widget\" data-widget_type=\"spacer.default\">\n\t\t\t\t<div class=\"elementor-widget-container\">\n\t\t\t\t\t<div class=\"elementor-spacer\">\n\t\t\t<div class=\"elementor-spacer-inner\"><\/div>\n\t\t<\/div>\n\t\t\t\t<\/div>\n\t\t\t\t<\/div>\n\t\t\t\t\t<\/div>\n\t\t<\/div>\n\t\t\t\t<div class=\"elementor-column elementor-col-33 elementor-top-column elementor-element elementor-element-dd1ec73\" data-id=\"dd1ec73\" data-element_type=\"column\">\n\t\t\t<div class=\"elementor-widget-wrap elementor-element-populated\">\n\t\t\t\t\t\t<div class=\"elementor-element elementor-element-36cb5d23 elementor-view-default elementor-position-top elementor-widget elementor-widget-themo-header\" data-id=\"36cb5d23\" data-element_type=\"widget\" data-widget_type=\"themo-header.default\">\n\t\t\t\t<div class=\"elementor-widget-container\">\n\t\t\t\t\t<div class=\"th-header-wrap\">\n        <div class=\"elementor-icon-box-wrapper th-show-icon\">\n                            <div class=\"elementor-icon-box-icon th-icon-size-md\">\n                    <span class=\"elementor-icon \">\n                        <i class=\"th-trip travelpack-reading-glasses\" aria-hidden=\"true\" fff><\/i>                    <\/span>\n                <\/div>\n                                <div class=\"elementor-icon-box-content\">\n                    <h2 class=\"elementor-icon-box-title\">\n                        FAQ                    <\/h2>\n                                            <span class=\"th-header-divider\"><\/span>\n                                        <p class=\"elementor-icon-box-description\"><\/p>\n\n                                    <\/div>\n            <\/div>\n\n        <\/div>\n\n\t\t\t\t<\/div>\n\t\t\t\t<\/div>\n\t\t\t\t<div class=\"elementor-element elementor-element-3372e79 elementor-widget elementor-widget-themo-itinerary\" data-id=\"3372e79\" data-element_type=\"widget\" data-widget_type=\"themo-itinerary.default\">\n\t\t\t\t<div class=\"elementor-widget-container\">\n\t\t\t\t\t<div class=\"th-itinerary th-itin-med th-itin-center\">\n\t\t\t\t\t\t\t\t\t\t<div class=\"th-itin-single th-itin-active\">\n\t\t\t\t\t<i class=\"th-itin-icon fa fa-circle-o\"><\/i>\n\t\t\t\t\t<div class=\"th-itin-title\">\n\t\t\t\t\t\t<span>Is the hotel located nearby the railway station ?<\/span>\n\t\t\t\t\t<\/div>\n\t\t\t\t\t<div class=\"th-itin-content\">\n\t\t\t\t\t\tOur hotel is situated at only 3 min walk from the railway station. \t\t\t\t\t<\/div>\n\t\t\t\t<\/div>\n\t\t\t\t\t\t\t<div class=\"th-itin-single th-itin-inactive\">\n\t\t\t\t\t<i class=\"th-itin-icon fa fa-circle-o\"><\/i>\n\t\t\t\t\t<div class=\"th-itin-title\">\n\t\t\t\t\t\t<span>What are the payment methods accepted ? <\/span>\n\t\t\t\t\t<\/div>\n\t\t\t\t\t<div class=\"th-itin-content\">\n\t\t\t\t\t\tWe accept payment by bank card, Visa, MasterCard, American Express and cash payments.\t\t\t\t\t<\/div>\n\t\t\t\t<\/div>\n\t\t\t\t\t\t\t<div class=\"th-itin-single th-itin-inactive\">\n\t\t\t\t\t<i class=\"th-itin-icon fa fa-circle-o\"><\/i>\n\t\t\t\t\t<div class=\"th-itin-title\">\n\t\t\t\t\t\t<span>At what time may we arrive ?<\/span>\n\t\t\t\t\t<\/div>\n\t\t\t\t\t<div class=\"th-itin-content\">\n\t\t\t\t\t\tOur customers can arrive from 2 p.m. to 9 p.m. from Monday to Thursday and from 2 p.m. to 8 p.m. from Friday to Sunday. Outside of days Outside of normal reception hours, you will be given an access code and your room number.\t\t\t\t\t<\/div>\n\t\t\t\t<\/div>\n\t\t\t\t\t\t\t<div class=\"th-itin-single th-itin-inactive\">\n\t\t\t\t\t<i class=\"th-itin-icon fa fa-circle-o\"><\/i>\n\t\t\t\t\t<div class=\"th-itin-title\">\n\t\t\t\t\t\t<span>Are the pets allowed ?<\/span>\n\t\t\t\t\t<\/div>\n\t\t\t\t\t<div class=\"th-itin-content\">\n\t\t\t\t\t\tAnimals are unfortunately not accepted in the hotel.\t\t\t\t\t<\/div>\n\t\t\t\t<\/div>\n\t\t\t\t\t\t\t<div class=\"th-itin-single th-itin-inactive\">\n\t\t\t\t\t<i class=\"th-itin-icon fa fa-circle-o\"><\/i>\n\t\t\t\t\t<div class=\"th-itin-title\">\n\t\t\t\t\t\t<span>May we have our breakfast and dinner in the hotel ?<\/span>\n\t\t\t\t\t<\/div>\n\t\t\t\t\t<div class=\"th-itin-content\">\n\t\t\t\t\t\tOnly the breakfast buffet is served at the hotel. You can eat at our restaurant partners near the hotel with a stopover package.\t\t\t\t\t<\/div>\n\t\t\t\t<\/div>\n\t\t\t\t\t\t\t<div class=\"th-itin-single th-itin-inactive\">\n\t\t\t\t\t<i class=\"th-itin-icon fa fa-circle-o\"><\/i>\n\t\t\t\t\t<div class=\"th-itin-title\">\n\t\t\t\t\t\t<span>How much does breakfast cost ? <\/span>\n\t\t\t\t\t<\/div>\n\t\t\t\t\t<div class=\"th-itin-content\">\n\t\t\t\t\t\tThe breakfast buffet is offered at \u20ac 7.90. It is set up from 7 am.\t\t\t\t\t<\/div>\n\t\t\t\t<\/div>\n\t\t\t\t\t\t\t<div class=\"th-itin-single th-itin-inactive\">\n\t\t\t\t\t<i class=\"th-itin-icon fa fa-circle-o\"><\/i>\n\t\t\t\t\t<div class=\"th-itin-title\">\n\t\t\t\t\t\t<span>Is the hotel accessible for people with reduced mobility ?<\/span>\n\t\t\t\t\t<\/div>\n\t\t\t\t\t<div class=\"th-itin-content\">\n\t\t\t\t\t\tWe regret to inform you that our hotel is not suitable for people with reduced mobility.\t\t\t\t\t<\/div>\n\t\t\t\t<\/div>\n\t\t\t\t\t\t\t<div class=\"th-itin-single th-itin-inactive\">\n\t\t\t\t\t<i class=\"th-itin-icon fa fa-circle-o\"><\/i>\n\t\t\t\t\t<div class=\"th-itin-title\">\n\t\t\t\t\t\t<span>Does the hotel have an elevator ?<\/span>\n\t\t\t\t\t<\/div>\n\t\t\t\t\t<div class=\"th-itin-content\">\n\t\t\t\t\t\tOur hotel does not have an elevator.\t\t\t\t\t<\/div>\n\t\t\t\t<\/div>\n\t\t\t\t\t<\/div>\n\t\t\t\t<\/div>\n\t\t\t\t<\/div>\n\t\t\t\t<div class=\"elementor-element elementor-element-a4c5878 elementor-widget elementor-widget-spacer\" data-id=\"a4c5878\" data-element_type=\"widget\" data-widget_type=\"spacer.default\">\n\t\t\t\t<div class=\"elementor-widget-container\">\n\t\t\t\t\t<div class=\"elementor-spacer\">\n\t\t\t<div class=\"elementor-spacer-inner\"><\/div>\n\t\t<\/div>\n\t\t\t\t<\/div>\n\t\t\t\t<\/div>\n\t\t\t\t\t<\/div>\n\t\t<\/div>\n\t\t\t\t\t<\/div>\n\t\t<\/section>\n\t\t\t\t<\/div>\n\t\t","protected":false},"excerpt":{"rendered":"<p>Reservation FAQ Is the hotel located nearby the railway station ? Our hotel is situated at only 3 min walk from the railway station. What are the payment methods accepted ? We accept payment by bank card, Visa, MasterCard, American &hellip; <a href=\"https:\/\/www.hotel-pelican-charleville.com\/en\/reservation-2\/\">Read More<\/a><\/p>\n","protected":false},"author":1,"featured_media":0,"parent":0,"menu_order":9,"comment_status":"closed","ping_status":"closed","template":"","meta":{"footnotes":""},"class_list":["post-756","page","type-page","status-publish","hentry"],"yoast_head":"<!-- This site is optimized with the Yoast SEO plugin v26.4 - https:\/\/yoast.com\/wordpress\/plugins\/seo\/ -->\n<title>reservation - Le P\u00e9lican - H\u00f4tel \u00e0 Charleville-M\u00e9zi\u00e8res<\/title>\n<meta name=\"robots\" content=\"index, follow, max-snippet:-1, max-image-preview:large, max-video-preview:-1\" \/>\n<link rel=\"canonical\" href=\"https:\/\/www.hotel-pelican-charleville.com\/en\/reservation-2\/\" \/>\n<meta property=\"og:locale\" content=\"en_US\" \/>\n<meta property=\"og:type\" content=\"article\" \/>\n<meta property=\"og:title\" content=\"reservation - Le P\u00e9lican - H\u00f4tel \u00e0 Charleville-M\u00e9zi\u00e8res\" \/>\n<meta property=\"og:description\" content=\"Reservation FAQ Is the hotel located nearby the railway station ? Our hotel is situated at only 3 min walk from the railway station. What are the payment methods accepted ? We accept payment by bank card, Visa, MasterCard, American &hellip; Read More\" \/>\n<meta property=\"og:url\" content=\"https:\/\/www.hotel-pelican-charleville.com\/en\/reservation-2\/\" \/>\n<meta property=\"og:site_name\" content=\"Le P\u00e9lican - H\u00f4tel \u00e0 Charleville-M\u00e9zi\u00e8res\" \/>\n<meta property=\"article:modified_time\" content=\"2020-02-25T21:47:48+00:00\" \/>\n<meta name=\"twitter:card\" content=\"summary_large_image\" \/>\n<meta name=\"twitter:label1\" content=\"Est. reading time\" \/>\n\t<meta name=\"twitter:data1\" content=\"1 minute\" \/>\n<script type=\"application\/ld+json\" class=\"yoast-schema-graph\">{\"@context\":\"https:\/\/schema.org\",\"@graph\":[{\"@type\":\"WebPage\",\"@id\":\"https:\/\/www.hotel-pelican-charleville.com\/en\/reservation-2\/\",\"url\":\"https:\/\/www.hotel-pelican-charleville.com\/en\/reservation-2\/\",\"name\":\"reservation - Le P\u00e9lican - H\u00f4tel \u00e0 Charleville-M\u00e9zi\u00e8res\",\"isPartOf\":{\"@id\":\"https:\/\/www.hotel-pelican-charleville.com\/#website\"},\"datePublished\":\"2020-02-25T19:33:56+00:00\",\"dateModified\":\"2020-02-25T21:47:48+00:00\",\"breadcrumb\":{\"@id\":\"https:\/\/www.hotel-pelican-charleville.com\/en\/reservation-2\/#breadcrumb\"},\"inLanguage\":\"en-US\",\"potentialAction\":[{\"@type\":\"ReadAction\",\"target\":[\"https:\/\/www.hotel-pelican-charleville.com\/en\/reservation-2\/\"]}]},{\"@type\":\"BreadcrumbList\",\"@id\":\"https:\/\/www.hotel-pelican-charleville.com\/en\/reservation-2\/#breadcrumb\",\"itemListElement\":[{\"@type\":\"ListItem\",\"position\":1,\"name\":\"Accueil\",\"item\":\"https:\/\/www.hotel-pelican-charleville.com\/en\/home\/\"},{\"@type\":\"ListItem\",\"position\":2,\"name\":\"reservation\"}]},{\"@type\":\"WebSite\",\"@id\":\"https:\/\/www.hotel-pelican-charleville.com\/#website\",\"url\":\"https:\/\/www.hotel-pelican-charleville.com\/\",\"name\":\"Le P\u00e9lican - H\u00f4tel \u00e0 Charleville-M\u00e9zi\u00e8res\",\"description\":\"Les Ardennes\",\"potentialAction\":[{\"@type\":\"SearchAction\",\"target\":{\"@type\":\"EntryPoint\",\"urlTemplate\":\"https:\/\/www.hotel-pelican-charleville.com\/?s={search_term_string}\"},\"query-input\":{\"@type\":\"PropertyValueSpecification\",\"valueRequired\":true,\"valueName\":\"search_term_string\"}}],\"inLanguage\":\"en-US\"}]}<\/script>\n<!-- \/ Yoast SEO plugin. -->","yoast_head_json":{"title":"reservation - Le P\u00e9lican - H\u00f4tel \u00e0 Charleville-M\u00e9zi\u00e8res","robots":{"index":"index","follow":"follow","max-snippet":"max-snippet:-1","max-image-preview":"max-image-preview:large","max-video-preview":"max-video-preview:-1"},"canonical":"https:\/\/www.hotel-pelican-charleville.com\/en\/reservation-2\/","og_locale":"en_US","og_type":"article","og_title":"reservation - Le P\u00e9lican - H\u00f4tel \u00e0 Charleville-M\u00e9zi\u00e8res","og_description":"Reservation FAQ Is the hotel located nearby the railway station ? Our hotel is situated at only 3 min walk from the railway station. What are the payment methods accepted ? We accept payment by bank card, Visa, MasterCard, American &hellip; Read More","og_url":"https:\/\/www.hotel-pelican-charleville.com\/en\/reservation-2\/","og_site_name":"Le P\u00e9lican - H\u00f4tel \u00e0 Charleville-M\u00e9zi\u00e8res","article_modified_time":"2020-02-25T21:47:48+00:00","twitter_card":"summary_large_image","twitter_misc":{"Est. reading time":"1 minute"},"schema":{"@context":"https:\/\/schema.org","@graph":[{"@type":"WebPage","@id":"https:\/\/www.hotel-pelican-charleville.com\/en\/reservation-2\/","url":"https:\/\/www.hotel-pelican-charleville.com\/en\/reservation-2\/","name":"reservation - Le P\u00e9lican - H\u00f4tel \u00e0 Charleville-M\u00e9zi\u00e8res","isPartOf":{"@id":"https:\/\/www.hotel-pelican-charleville.com\/#website"},"datePublished":"2020-02-25T19:33:56+00:00","dateModified":"2020-02-25T21:47:48+00:00","breadcrumb":{"@id":"https:\/\/www.hotel-pelican-charleville.com\/en\/reservation-2\/#breadcrumb"},"inLanguage":"en-US","potentialAction":[{"@type":"ReadAction","target":["https:\/\/www.hotel-pelican-charleville.com\/en\/reservation-2\/"]}]},{"@type":"BreadcrumbList","@id":"https:\/\/www.hotel-pelican-charleville.com\/en\/reservation-2\/#breadcrumb","itemListElement":[{"@type":"ListItem","position":1,"name":"Accueil","item":"https:\/\/www.hotel-pelican-charleville.com\/en\/home\/"},{"@type":"ListItem","position":2,"name":"reservation"}]},{"@type":"WebSite","@id":"https:\/\/www.hotel-pelican-charleville.com\/#website","url":"https:\/\/www.hotel-pelican-charleville.com\/","name":"Le P\u00e9lican - H\u00f4tel \u00e0 Charleville-M\u00e9zi\u00e8res","description":"Les Ardennes","potentialAction":[{"@type":"SearchAction","target":{"@type":"EntryPoint","urlTemplate":"https:\/\/www.hotel-pelican-charleville.com\/?s={search_term_string}"},"query-input":{"@type":"PropertyValueSpecification","valueRequired":true,"valueName":"search_term_string"}}],"inLanguage":"en-US"}]}},"_links":{"self":[{"href":"https:\/\/www.hotel-pelican-charleville.com\/en\/wp-json\/wp\/v2\/pages\/756","targetHints":{"allow":["GET"]}}],"collection":[{"href":"https:\/\/www.hotel-pelican-charleville.com\/en\/wp-json\/wp\/v2\/pages"}],"about":[{"href":"https:\/\/www.hotel-pelican-charleville.com\/en\/wp-json\/wp\/v2\/types\/page"}],"author":[{"embeddable":true,"href":"https:\/\/www.hotel-pelican-charleville.com\/en\/wp-json\/wp\/v2\/users\/1"}],"replies":[{"embeddable":true,"href":"https:\/\/www.hotel-pelican-charleville.com\/en\/wp-json\/wp\/v2\/comments?post=756"}],"version-history":[{"count":0,"href":"https:\/\/www.hotel-pelican-charleville.com\/en\/wp-json\/wp\/v2\/pages\/756\/revisions"}],"wp:attachment":[{"href":"https:\/\/www.hotel-pelican-charleville.com\/en\/wp-json\/wp\/v2\/media?parent=756"}],"curies":[{"name":"wp","href":"https:\/\/api.w.org\/{rel}","templated":true}]}}