{"id":1398,"date":"2020-02-26T09:38:22","date_gmt":"2020-02-26T08:38:22","guid":{"rendered":"https:\/\/www.hotel-pelican-charleville.com\/bevestig-uw-boeking\/"},"modified":"2020-02-26T09:38:23","modified_gmt":"2020-02-26T08:38:23","slug":"bevestig-uw-boeking","status":"publish","type":"page","link":"https:\/\/www.hotel-pelican-charleville.com\/nl\/bevestig-uw-boeking\/","title":{"rendered":"Bevestig uw boeking"},"content":{"rendered":"\t\t<div data-elementor-type=\"wp-post\" data-elementor-id=\"1398\" class=\"elementor elementor-1398\">\n\t\t\t\t\t\t<section class=\"elementor-section elementor-top-section elementor-element elementor-element-223f88db elementor-section-height-min-height elementor-section-boxed elementor-section-height-default elementor-section-items-middle\" data-id=\"223f88db\" data-element_type=\"section\" data-settings=\"{&quot;background_background&quot;:&quot;classic&quot;}\">\n\t\t\t\t\t\t\t<div class=\"elementor-background-overlay\"><\/div>\n\t\t\t\t\t\t\t<div class=\"elementor-container elementor-column-gap-default\">\n\t\t\t\t\t<div class=\"elementor-column elementor-col-100 elementor-top-column elementor-element elementor-element-3e53d21\" data-id=\"3e53d21\" data-element_type=\"column\">\n\t\t\t<div class=\"elementor-widget-wrap elementor-element-populated\">\n\t\t\t\t\t\t<div class=\"elementor-element elementor-element-729dbbe1 elementor-widget elementor-widget-spacer\" data-id=\"729dbbe1\" data-element_type=\"widget\" data-widget_type=\"spacer.default\">\n\t\t\t\t<div class=\"elementor-widget-container\">\n\t\t\t\t\t<div class=\"elementor-spacer\">\n\t\t\t<div class=\"elementor-spacer-inner\"><\/div>\n\t\t<\/div>\n\t\t\t\t<\/div>\n\t\t\t\t<\/div>\n\t\t\t\t<div class=\"elementor-element elementor-element-2c8a3d80 elementor-view-default elementor-position-top elementor-widget elementor-widget-themo-header\" data-id=\"2c8a3d80\" data-element_type=\"widget\" data-widget_type=\"themo-header.default\">\n\t\t\t\t<div class=\"elementor-widget-container\">\n\t\t\t\t\t<div class=\"th-header-wrap\">\n        <div class=\"elementor-icon-box-wrapper \">\n                            <div class=\"elementor-icon-box-content\">\n                    <h1 class=\"elementor-icon-box-title\">\n                        Boekingsbevestiging                    <\/h1>\n                                        <p class=\"elementor-icon-box-description\"><\/p>\n\n                                    <\/div>\n            <\/div>\n\n        <\/div>\n\n\t\t\t\t<\/div>\n\t\t\t\t<\/div>\n\t\t\t\t\t<\/div>\n\t\t<\/div>\n\t\t\t\t\t<\/div>\n\t\t<\/section>\n\t\t\t\t<section class=\"elementor-section elementor-top-section elementor-element elementor-element-1bd7d35d elementor-section-boxed elementor-section-height-default elementor-section-height-default\" data-id=\"1bd7d35d\" data-element_type=\"section\" data-settings=\"{&quot;background_background&quot;:&quot;classic&quot;}\">\n\t\t\t\t\t\t<div class=\"elementor-container elementor-column-gap-no\">\n\t\t\t\t\t<div class=\"elementor-column elementor-col-66 elementor-top-column elementor-element elementor-element-4c74e328\" data-id=\"4c74e328\" data-element_type=\"column\" data-settings=\"{&quot;background_background&quot;:&quot;classic&quot;}\">\n\t\t\t<div class=\"elementor-widget-wrap elementor-element-populated\">\n\t\t\t\t\t\t<div class=\"elementor-element elementor-element-6955fac7 elementor-widget elementor-widget-themo-mphb-checkout-form\" data-id=\"6955fac7\" data-element_type=\"widget\" data-widget_type=\"themo-mphb-checkout-form.default\">\n\t\t\t\t<div class=\"elementor-widget-container\">\n\t\t\t            <div class=\"th-fo-form th-form-stacked  th-btn-form btn-standard-primary-form\"><div class=\"mphb_sc_checkout-wrapper frm_forms with_frm_style \"><\/div><\/div>\n            \t\t<\/div>\n\t\t\t\t<\/div>\n\t\t\t\t\t<\/div>\n\t\t<\/div>\n\t\t\t\t<div class=\"elementor-column elementor-col-33 elementor-top-column elementor-element elementor-element-49ae297f\" data-id=\"49ae297f\" data-element_type=\"column\" data-settings=\"{&quot;background_background&quot;:&quot;classic&quot;}\">\n\t\t\t<div class=\"elementor-widget-wrap\">\n\t\t\t\t\t\t\t<\/div>\n\t\t<\/div>\n\t\t\t\t\t<\/div>\n\t\t<\/section>\n\t\t\t\t<\/div>\n\t\t","protected":false},"excerpt":{"rendered":"<p>Boekingsbevestiging<\/p>\n","protected":false},"author":1,"featured_media":0,"parent":0,"menu_order":0,"comment_status":"closed","ping_status":"closed","template":"","meta":{"footnotes":""},"class_list":["post-1398","page","type-page","status-publish","hentry"],"yoast_head":"<!-- This site is optimized with the Yoast SEO plugin v26.4 - https:\/\/yoast.com\/wordpress\/plugins\/seo\/ -->\n<title>Bevestig uw boeking - Le P\u00e9lican - H\u00f4tel \u00e0 Charleville-M\u00e9zi\u00e8res<\/title>\n<meta name=\"robots\" content=\"index, follow, max-snippet:-1, max-image-preview:large, max-video-preview:-1\" \/>\n<link rel=\"canonical\" href=\"https:\/\/www.hotel-pelican-charleville.com\/nl\/bevestig-uw-boeking\/\" \/>\n<meta property=\"og:locale\" content=\"nl_NL\" \/>\n<meta property=\"og:type\" content=\"article\" \/>\n<meta property=\"og:title\" content=\"Bevestig uw boeking - Le P\u00e9lican - H\u00f4tel \u00e0 Charleville-M\u00e9zi\u00e8res\" \/>\n<meta property=\"og:description\" content=\"Boekingsbevestiging\" \/>\n<meta property=\"og:url\" content=\"https:\/\/www.hotel-pelican-charleville.com\/nl\/bevestig-uw-boeking\/\" \/>\n<meta property=\"og:site_name\" content=\"Le P\u00e9lican - H\u00f4tel \u00e0 Charleville-M\u00e9zi\u00e8res\" \/>\n<meta property=\"article:modified_time\" content=\"2020-02-26T08:38:23+00:00\" \/>\n<meta name=\"twitter:card\" content=\"summary_large_image\" \/>\n<script type=\"application\/ld+json\" class=\"yoast-schema-graph\">{\"@context\":\"https:\/\/schema.org\",\"@graph\":[{\"@type\":\"WebPage\",\"@id\":\"https:\/\/www.hotel-pelican-charleville.com\/nl\/bevestig-uw-boeking\/\",\"url\":\"https:\/\/www.hotel-pelican-charleville.com\/nl\/bevestig-uw-boeking\/\",\"name\":\"Bevestig uw boeking - Le P\u00e9lican - H\u00f4tel \u00e0 Charleville-M\u00e9zi\u00e8res\",\"isPartOf\":{\"@id\":\"https:\/\/www.hotel-pelican-charleville.com\/#website\"},\"datePublished\":\"2020-02-26T08:38:22+00:00\",\"dateModified\":\"2020-02-26T08:38:23+00:00\",\"breadcrumb\":{\"@id\":\"https:\/\/www.hotel-pelican-charleville.com\/nl\/bevestig-uw-boeking\/#breadcrumb\"},\"inLanguage\":\"nl-NL\",\"potentialAction\":[{\"@type\":\"ReadAction\",\"target\":[\"https:\/\/www.hotel-pelican-charleville.com\/nl\/bevestig-uw-boeking\/\"]}]},{\"@type\":\"BreadcrumbList\",\"@id\":\"https:\/\/www.hotel-pelican-charleville.com\/nl\/bevestig-uw-boeking\/#breadcrumb\",\"itemListElement\":[{\"@type\":\"ListItem\",\"position\":1,\"name\":\"Accueil\",\"item\":\"https:\/\/www.hotel-pelican-charleville.com\/nl\/onthaal\/\"},{\"@type\":\"ListItem\",\"position\":2,\"name\":\"Bevestig uw boeking\"}]},{\"@type\":\"WebSite\",\"@id\":\"https:\/\/www.hotel-pelican-charleville.com\/#website\",\"url\":\"https:\/\/www.hotel-pelican-charleville.com\/\",\"name\":\"Le P\u00e9lican - H\u00f4tel \u00e0 Charleville-M\u00e9zi\u00e8res\",\"description\":\"Les Ardennes\",\"potentialAction\":[{\"@type\":\"SearchAction\",\"target\":{\"@type\":\"EntryPoint\",\"urlTemplate\":\"https:\/\/www.hotel-pelican-charleville.com\/?s={search_term_string}\"},\"query-input\":{\"@type\":\"PropertyValueSpecification\",\"valueRequired\":true,\"valueName\":\"search_term_string\"}}],\"inLanguage\":\"nl-NL\"}]}<\/script>\n<!-- \/ Yoast SEO plugin. -->","yoast_head_json":{"title":"Bevestig uw boeking - Le P\u00e9lican - H\u00f4tel \u00e0 Charleville-M\u00e9zi\u00e8res","robots":{"index":"index","follow":"follow","max-snippet":"max-snippet:-1","max-image-preview":"max-image-preview:large","max-video-preview":"max-video-preview:-1"},"canonical":"https:\/\/www.hotel-pelican-charleville.com\/nl\/bevestig-uw-boeking\/","og_locale":"nl_NL","og_type":"article","og_title":"Bevestig uw boeking - Le P\u00e9lican - H\u00f4tel \u00e0 Charleville-M\u00e9zi\u00e8res","og_description":"Boekingsbevestiging","og_url":"https:\/\/www.hotel-pelican-charleville.com\/nl\/bevestig-uw-boeking\/","og_site_name":"Le P\u00e9lican - H\u00f4tel \u00e0 Charleville-M\u00e9zi\u00e8res","article_modified_time":"2020-02-26T08:38:23+00:00","twitter_card":"summary_large_image","schema":{"@context":"https:\/\/schema.org","@graph":[{"@type":"WebPage","@id":"https:\/\/www.hotel-pelican-charleville.com\/nl\/bevestig-uw-boeking\/","url":"https:\/\/www.hotel-pelican-charleville.com\/nl\/bevestig-uw-boeking\/","name":"Bevestig uw boeking - Le P\u00e9lican - H\u00f4tel \u00e0 Charleville-M\u00e9zi\u00e8res","isPartOf":{"@id":"https:\/\/www.hotel-pelican-charleville.com\/#website"},"datePublished":"2020-02-26T08:38:22+00:00","dateModified":"2020-02-26T08:38:23+00:00","breadcrumb":{"@id":"https:\/\/www.hotel-pelican-charleville.com\/nl\/bevestig-uw-boeking\/#breadcrumb"},"inLanguage":"nl-NL","potentialAction":[{"@type":"ReadAction","target":["https:\/\/www.hotel-pelican-charleville.com\/nl\/bevestig-uw-boeking\/"]}]},{"@type":"BreadcrumbList","@id":"https:\/\/www.hotel-pelican-charleville.com\/nl\/bevestig-uw-boeking\/#breadcrumb","itemListElement":[{"@type":"ListItem","position":1,"name":"Accueil","item":"https:\/\/www.hotel-pelican-charleville.com\/nl\/onthaal\/"},{"@type":"ListItem","position":2,"name":"Bevestig uw boeking"}]},{"@type":"WebSite","@id":"https:\/\/www.hotel-pelican-charleville.com\/#website","url":"https:\/\/www.hotel-pelican-charleville.com\/","name":"Le P\u00e9lican - H\u00f4tel \u00e0 Charleville-M\u00e9zi\u00e8res","description":"Les Ardennes","potentialAction":[{"@type":"SearchAction","target":{"@type":"EntryPoint","urlTemplate":"https:\/\/www.hotel-pelican-charleville.com\/?s={search_term_string}"},"query-input":{"@type":"PropertyValueSpecification","valueRequired":true,"valueName":"search_term_string"}}],"inLanguage":"nl-NL"}]}},"_links":{"self":[{"href":"https:\/\/www.hotel-pelican-charleville.com\/nl\/wp-json\/wp\/v2\/pages\/1398","targetHints":{"allow":["GET"]}}],"collection":[{"href":"https:\/\/www.hotel-pelican-charleville.com\/nl\/wp-json\/wp\/v2\/pages"}],"about":[{"href":"https:\/\/www.hotel-pelican-charleville.com\/nl\/wp-json\/wp\/v2\/types\/page"}],"author":[{"embeddable":true,"href":"https:\/\/www.hotel-pelican-charleville.com\/nl\/wp-json\/wp\/v2\/users\/1"}],"replies":[{"embeddable":true,"href":"https:\/\/www.hotel-pelican-charleville.com\/nl\/wp-json\/wp\/v2\/comments?post=1398"}],"version-history":[{"count":0,"href":"https:\/\/www.hotel-pelican-charleville.com\/nl\/wp-json\/wp\/v2\/pages\/1398\/revisions"}],"wp:attachment":[{"href":"https:\/\/www.hotel-pelican-charleville.com\/nl\/wp-json\/wp\/v2\/media?parent=1398"}],"curies":[{"name":"wp","href":"https:\/\/api.w.org\/{rel}","templated":true}]}}