{"id":1406,"date":"2020-02-26T09:40:11","date_gmt":"2020-02-26T08:40:11","guid":{"rendered":"https:\/\/www.hotel-pelican-charleville.com\/bevestig-uw-boeking\/boeking-bevestigd\/"},"modified":"2020-02-26T09:40:13","modified_gmt":"2020-02-26T08:40:13","slug":"boeking-bevestigd","status":"publish","type":"page","link":"https:\/\/www.hotel-pelican-charleville.com\/nl\/bevestig-uw-boeking\/boeking-bevestigd\/","title":{"rendered":"Boeking bevestigd"},"content":{"rendered":"\t\t<div data-elementor-type=\"wp-post\" data-elementor-id=\"1406\" class=\"elementor elementor-1406\">\n\t\t\t\t\t\t<section class=\"elementor-section elementor-top-section elementor-element elementor-element-67fdf675 elementor-section-height-min-height elementor-section-boxed elementor-section-height-default elementor-section-items-middle\" data-id=\"67fdf675\" data-element_type=\"section\" data-settings=\"{&quot;background_background&quot;:&quot;classic&quot;}\">\n\t\t\t\t\t\t\t<div class=\"elementor-background-overlay\"><\/div>\n\t\t\t\t\t\t\t<div class=\"elementor-container elementor-column-gap-default\">\n\t\t\t\t\t<div class=\"elementor-column elementor-col-100 elementor-top-column elementor-element elementor-element-1ee9cec1\" data-id=\"1ee9cec1\" data-element_type=\"column\">\n\t\t\t<div class=\"elementor-widget-wrap elementor-element-populated\">\n\t\t\t\t\t\t<div class=\"elementor-element elementor-element-4ef6dddc elementor-widget elementor-widget-spacer\" data-id=\"4ef6dddc\" data-element_type=\"widget\" data-widget_type=\"spacer.default\">\n\t\t\t\t<div class=\"elementor-widget-container\">\n\t\t\t\t\t<div class=\"elementor-spacer\">\n\t\t\t<div class=\"elementor-spacer-inner\"><\/div>\n\t\t<\/div>\n\t\t\t\t<\/div>\n\t\t\t\t<\/div>\n\t\t\t\t<div class=\"elementor-element elementor-element-343c4704 elementor-view-default elementor-position-top elementor-widget elementor-widget-themo-header\" data-id=\"343c4704\" data-element_type=\"widget\" data-widget_type=\"themo-header.default\">\n\t\t\t\t<div class=\"elementor-widget-container\">\n\t\t\t\t\t<div class=\"th-header-wrap\">\n        <div class=\"elementor-icon-box-wrapper \">\n                            <div class=\"elementor-icon-box-content\">\n                    <h1 class=\"elementor-icon-box-title\">\n                        Boeking bevestigd                    <\/h1>\n                                        <p class=\"elementor-icon-box-description\"><\/p>\n\n                                    <\/div>\n            <\/div>\n\n        <\/div>\n\n\t\t\t\t<\/div>\n\t\t\t\t<\/div>\n\t\t\t\t\t<\/div>\n\t\t<\/div>\n\t\t\t\t\t<\/div>\n\t\t<\/section>\n\t\t\t\t<section class=\"elementor-section elementor-top-section elementor-element elementor-element-39745ffc elementor-section-boxed elementor-section-height-default elementor-section-height-default\" data-id=\"39745ffc\" data-element_type=\"section\">\n\t\t\t\t\t\t<div class=\"elementor-container elementor-column-gap-default\">\n\t\t\t\t\t<div class=\"elementor-column elementor-col-100 elementor-top-column elementor-element elementor-element-44a841a1\" data-id=\"44a841a1\" data-element_type=\"column\">\n\t\t\t<div class=\"elementor-widget-wrap elementor-element-populated\">\n\t\t\t\t\t\t<div class=\"elementor-element elementor-element-f645e43 elementor-widget elementor-widget-spacer\" data-id=\"f645e43\" data-element_type=\"widget\" data-widget_type=\"spacer.default\">\n\t\t\t\t<div class=\"elementor-widget-container\">\n\t\t\t\t\t<div class=\"elementor-spacer\">\n\t\t\t<div class=\"elementor-spacer-inner\"><\/div>\n\t\t<\/div>\n\t\t\t\t<\/div>\n\t\t\t\t<\/div>\n\t\t\t\t<div class=\"elementor-element elementor-element-38cad804 elementor-widget elementor-widget-text-editor\" data-id=\"38cad804\" data-element_type=\"widget\" data-widget_type=\"text-editor.default\">\n\t\t\t\t<div class=\"elementor-widget-container\">\n\t\t\t\t\t\t\t<p>Met genoegen kondigen wij aan dat uw reserveringsaanvraag is ontvangen!<\/p>\n\t\t\t\t\t\t<\/div>\n\t\t\t\t<\/div>\n\t\t\t\t<div class=\"elementor-element elementor-element-6c97f124 elementor-widget elementor-widget-spacer\" data-id=\"6c97f124\" data-element_type=\"widget\" data-widget_type=\"spacer.default\">\n\t\t\t\t<div class=\"elementor-widget-container\">\n\t\t\t\t\t<div class=\"elementor-spacer\">\n\t\t\t<div class=\"elementor-spacer-inner\"><\/div>\n\t\t<\/div>\n\t\t\t\t<\/div>\n\t\t\t\t<\/div>\n\t\t\t\t\t<\/div>\n\t\t<\/div>\n\t\t\t\t\t<\/div>\n\t\t<\/section>\n\t\t\t\t<\/div>\n\t\t","protected":false},"excerpt":{"rendered":"<p>Boeking bevestigd Met genoegen kondigen wij aan dat uw reserveringsaanvraag is ontvangen!<\/p>\n","protected":false},"author":1,"featured_media":0,"parent":1398,"menu_order":0,"comment_status":"closed","ping_status":"closed","template":"","meta":{"footnotes":""},"class_list":["post-1406","page","type-page","status-publish","hentry"],"yoast_head":"<!-- This site is optimized with the Yoast SEO plugin v26.4 - https:\/\/yoast.com\/wordpress\/plugins\/seo\/ -->\n<title>Boeking bevestigd - Le P\u00e9lican - H\u00f4tel \u00e0 Charleville-M\u00e9zi\u00e8res<\/title>\n<meta name=\"robots\" content=\"index, follow, max-snippet:-1, max-image-preview:large, max-video-preview:-1\" \/>\n<link rel=\"canonical\" href=\"https:\/\/www.hotel-pelican-charleville.com\/nl\/bevestig-uw-boeking\/boeking-bevestigd\/\" \/>\n<meta property=\"og:locale\" content=\"nl_NL\" \/>\n<meta property=\"og:type\" content=\"article\" \/>\n<meta property=\"og:title\" content=\"Boeking bevestigd - Le P\u00e9lican - H\u00f4tel \u00e0 Charleville-M\u00e9zi\u00e8res\" \/>\n<meta property=\"og:description\" content=\"Boeking bevestigd Met genoegen kondigen wij aan dat uw reserveringsaanvraag is ontvangen!\" \/>\n<meta property=\"og:url\" content=\"https:\/\/www.hotel-pelican-charleville.com\/nl\/bevestig-uw-boeking\/boeking-bevestigd\/\" \/>\n<meta property=\"og:site_name\" content=\"Le P\u00e9lican - H\u00f4tel \u00e0 Charleville-M\u00e9zi\u00e8res\" \/>\n<meta property=\"article:modified_time\" content=\"2020-02-26T08:40:13+00:00\" \/>\n<meta name=\"twitter:card\" content=\"summary_large_image\" \/>\n<script type=\"application\/ld+json\" class=\"yoast-schema-graph\">{\"@context\":\"https:\/\/schema.org\",\"@graph\":[{\"@type\":\"WebPage\",\"@id\":\"https:\/\/www.hotel-pelican-charleville.com\/nl\/bevestig-uw-boeking\/boeking-bevestigd\/\",\"url\":\"https:\/\/www.hotel-pelican-charleville.com\/nl\/bevestig-uw-boeking\/boeking-bevestigd\/\",\"name\":\"Boeking bevestigd - Le P\u00e9lican - H\u00f4tel \u00e0 Charleville-M\u00e9zi\u00e8res\",\"isPartOf\":{\"@id\":\"https:\/\/www.hotel-pelican-charleville.com\/#website\"},\"datePublished\":\"2020-02-26T08:40:11+00:00\",\"dateModified\":\"2020-02-26T08:40:13+00:00\",\"breadcrumb\":{\"@id\":\"https:\/\/www.hotel-pelican-charleville.com\/nl\/bevestig-uw-boeking\/boeking-bevestigd\/#breadcrumb\"},\"inLanguage\":\"nl-NL\",\"potentialAction\":[{\"@type\":\"ReadAction\",\"target\":[\"https:\/\/www.hotel-pelican-charleville.com\/nl\/bevestig-uw-boeking\/boeking-bevestigd\/\"]}]},{\"@type\":\"BreadcrumbList\",\"@id\":\"https:\/\/www.hotel-pelican-charleville.com\/nl\/bevestig-uw-boeking\/boeking-bevestigd\/#breadcrumb\",\"itemListElement\":[{\"@type\":\"ListItem\",\"position\":1,\"name\":\"Accueil\",\"item\":\"https:\/\/www.hotel-pelican-charleville.com\/nl\/onthaal\/\"},{\"@type\":\"ListItem\",\"position\":2,\"name\":\"Bevestig uw boeking\",\"item\":\"https:\/\/www.hotel-pelican-charleville.com\/nl\/bevestig-uw-boeking\/\"},{\"@type\":\"ListItem\",\"position\":3,\"name\":\"Boeking bevestigd\"}]},{\"@type\":\"WebSite\",\"@id\":\"https:\/\/www.hotel-pelican-charleville.com\/#website\",\"url\":\"https:\/\/www.hotel-pelican-charleville.com\/\",\"name\":\"Le P\u00e9lican - H\u00f4tel \u00e0 Charleville-M\u00e9zi\u00e8res\",\"description\":\"Les Ardennes\",\"potentialAction\":[{\"@type\":\"SearchAction\",\"target\":{\"@type\":\"EntryPoint\",\"urlTemplate\":\"https:\/\/www.hotel-pelican-charleville.com\/?s={search_term_string}\"},\"query-input\":{\"@type\":\"PropertyValueSpecification\",\"valueRequired\":true,\"valueName\":\"search_term_string\"}}],\"inLanguage\":\"nl-NL\"}]}<\/script>\n<!-- \/ Yoast SEO plugin. -->","yoast_head_json":{"title":"Boeking bevestigd - Le P\u00e9lican - H\u00f4tel \u00e0 Charleville-M\u00e9zi\u00e8res","robots":{"index":"index","follow":"follow","max-snippet":"max-snippet:-1","max-image-preview":"max-image-preview:large","max-video-preview":"max-video-preview:-1"},"canonical":"https:\/\/www.hotel-pelican-charleville.com\/nl\/bevestig-uw-boeking\/boeking-bevestigd\/","og_locale":"nl_NL","og_type":"article","og_title":"Boeking bevestigd - Le P\u00e9lican - H\u00f4tel \u00e0 Charleville-M\u00e9zi\u00e8res","og_description":"Boeking bevestigd Met genoegen kondigen wij aan dat uw reserveringsaanvraag is ontvangen!","og_url":"https:\/\/www.hotel-pelican-charleville.com\/nl\/bevestig-uw-boeking\/boeking-bevestigd\/","og_site_name":"Le P\u00e9lican - H\u00f4tel \u00e0 Charleville-M\u00e9zi\u00e8res","article_modified_time":"2020-02-26T08:40:13+00:00","twitter_card":"summary_large_image","schema":{"@context":"https:\/\/schema.org","@graph":[{"@type":"WebPage","@id":"https:\/\/www.hotel-pelican-charleville.com\/nl\/bevestig-uw-boeking\/boeking-bevestigd\/","url":"https:\/\/www.hotel-pelican-charleville.com\/nl\/bevestig-uw-boeking\/boeking-bevestigd\/","name":"Boeking bevestigd - Le P\u00e9lican - H\u00f4tel \u00e0 Charleville-M\u00e9zi\u00e8res","isPartOf":{"@id":"https:\/\/www.hotel-pelican-charleville.com\/#website"},"datePublished":"2020-02-26T08:40:11+00:00","dateModified":"2020-02-26T08:40:13+00:00","breadcrumb":{"@id":"https:\/\/www.hotel-pelican-charleville.com\/nl\/bevestig-uw-boeking\/boeking-bevestigd\/#breadcrumb"},"inLanguage":"nl-NL","potentialAction":[{"@type":"ReadAction","target":["https:\/\/www.hotel-pelican-charleville.com\/nl\/bevestig-uw-boeking\/boeking-bevestigd\/"]}]},{"@type":"BreadcrumbList","@id":"https:\/\/www.hotel-pelican-charleville.com\/nl\/bevestig-uw-boeking\/boeking-bevestigd\/#breadcrumb","itemListElement":[{"@type":"ListItem","position":1,"name":"Accueil","item":"https:\/\/www.hotel-pelican-charleville.com\/nl\/onthaal\/"},{"@type":"ListItem","position":2,"name":"Bevestig uw boeking","item":"https:\/\/www.hotel-pelican-charleville.com\/nl\/bevestig-uw-boeking\/"},{"@type":"ListItem","position":3,"name":"Boeking bevestigd"}]},{"@type":"WebSite","@id":"https:\/\/www.hotel-pelican-charleville.com\/#website","url":"https:\/\/www.hotel-pelican-charleville.com\/","name":"Le P\u00e9lican - H\u00f4tel \u00e0 Charleville-M\u00e9zi\u00e8res","description":"Les Ardennes","potentialAction":[{"@type":"SearchAction","target":{"@type":"EntryPoint","urlTemplate":"https:\/\/www.hotel-pelican-charleville.com\/?s={search_term_string}"},"query-input":{"@type":"PropertyValueSpecification","valueRequired":true,"valueName":"search_term_string"}}],"inLanguage":"nl-NL"}]}},"_links":{"self":[{"href":"https:\/\/www.hotel-pelican-charleville.com\/nl\/wp-json\/wp\/v2\/pages\/1406","targetHints":{"allow":["GET"]}}],"collection":[{"href":"https:\/\/www.hotel-pelican-charleville.com\/nl\/wp-json\/wp\/v2\/pages"}],"about":[{"href":"https:\/\/www.hotel-pelican-charleville.com\/nl\/wp-json\/wp\/v2\/types\/page"}],"author":[{"embeddable":true,"href":"https:\/\/www.hotel-pelican-charleville.com\/nl\/wp-json\/wp\/v2\/users\/1"}],"replies":[{"embeddable":true,"href":"https:\/\/www.hotel-pelican-charleville.com\/nl\/wp-json\/wp\/v2\/comments?post=1406"}],"version-history":[{"count":0,"href":"https:\/\/www.hotel-pelican-charleville.com\/nl\/wp-json\/wp\/v2\/pages\/1406\/revisions"}],"up":[{"embeddable":true,"href":"https:\/\/www.hotel-pelican-charleville.com\/nl\/wp-json\/wp\/v2\/pages\/1398"}],"wp:attachment":[{"href":"https:\/\/www.hotel-pelican-charleville.com\/nl\/wp-json\/wp\/v2\/media?parent=1406"}],"curies":[{"name":"wp","href":"https:\/\/api.w.org\/{rel}","templated":true}]}}