{"id":71,"date":"2017-06-07T16:41:29","date_gmt":"2017-06-07T16:41:29","guid":{"rendered":"https:\/\/import.themovation.com\/embark\/walking-tours\/?page_id=414"},"modified":"2017-06-07T16:41:29","modified_gmt":"2017-06-07T16:41:29","slug":"blog-standard-sidebar","status":"publish","type":"page","link":"https:\/\/www.hotel-pelican-charleville.com\/nl\/blog-standard-sidebar\/","title":{"rendered":"Blog &#8211; Standard Sidebar"},"content":{"rendered":"\t\t<div data-elementor-type=\"wp-post\" data-elementor-id=\"71\" class=\"elementor elementor-71 elementor-bc-flex-widget\">\n\t\t\t\t\t\t<section class=\"elementor-section elementor-top-section elementor-element elementor-element-4b997a10 elementor-section-height-min-height elementor-section-boxed elementor-section-height-default elementor-section-items-middle\" data-id=\"4b997a10\" data-element_type=\"section\" data-settings=\"{&quot;background_background&quot;:&quot;classic&quot;}\">\n\t\t\t\t\t\t\t<div class=\"elementor-background-overlay\"><\/div>\n\t\t\t\t\t\t\t<div class=\"elementor-container elementor-column-gap-default\">\n\t\t\t\t\t<div class=\"elementor-column elementor-col-100 elementor-top-column elementor-element elementor-element-6bb2163e\" data-id=\"6bb2163e\" data-element_type=\"column\">\n\t\t\t<div class=\"elementor-widget-wrap elementor-element-populated\">\n\t\t\t\t\t\t<div class=\"elementor-element elementor-element-575b270a elementor-widget elementor-widget-spacer\" data-id=\"575b270a\" data-element_type=\"widget\" data-widget_type=\"spacer.default\">\n\t\t\t\t<div class=\"elementor-widget-container\">\n\t\t\t\t\t<div class=\"elementor-spacer\">\n\t\t\t<div class=\"elementor-spacer-inner\"><\/div>\n\t\t<\/div>\n\t\t\t\t<\/div>\n\t\t\t\t<\/div>\n\t\t\t\t<div class=\"elementor-element elementor-element-6e0rano elementor-view-default elementor-position-top elementor-widget elementor-widget-themo-header\" data-id=\"6e0rano\" data-element_type=\"widget\" data-widget_type=\"themo-header.default\">\n\t\t\t\t<div class=\"elementor-widget-container\">\n\t\t\t\t\t<div class=\"th-header-wrap\">\n        <div class=\"elementor-icon-box-wrapper \">\n                            <div class=\"elementor-icon-box-content\">\n                    <h1 class=\"elementor-icon-box-title\">\n                        STANDARD BLOG + SIDEBAR                    <\/h1>\n                                        <p class=\"elementor-icon-box-description\"><\/p>\n\n                                    <\/div>\n            <\/div>\n\n        <\/div>\n\n\t\t\t\t<\/div>\n\t\t\t\t<\/div>\n\t\t\t\t\t<\/div>\n\t\t<\/div>\n\t\t\t\t\t<\/div>\n\t\t<\/section>\n\t\t\t\t<section class=\"elementor-section elementor-top-section elementor-element elementor-element-vkt1dv8 elementor-section-boxed elementor-section-height-default elementor-section-height-default\" data-id=\"vkt1dv8\" data-element_type=\"section\">\n\t\t\t\t\t\t<div class=\"elementor-container elementor-column-gap-default\">\n\t\t\t\t\t<div class=\"elementor-column elementor-col-100 elementor-top-column elementor-element elementor-element-xo5h9bj\" data-id=\"xo5h9bj\" data-element_type=\"column\">\n\t\t\t<div class=\"elementor-widget-wrap elementor-element-populated\">\n\t\t\t\t\t\t<div class=\"elementor-element elementor-element-h6bnfn5 elementor-widget elementor-widget-spacer\" data-id=\"h6bnfn5\" data-element_type=\"widget\" data-widget_type=\"spacer.default\">\n\t\t\t\t<div class=\"elementor-widget-container\">\n\t\t\t\t\t<div class=\"elementor-spacer\">\n\t\t\t<div class=\"elementor-spacer-inner\"><\/div>\n\t\t<\/div>\n\t\t\t\t<\/div>\n\t\t\t\t<\/div>\n\t\t\t\t\t<\/div>\n\t\t<\/div>\n\t\t\t\t\t<\/div>\n\t\t<\/section>\n\t\t\t\t<\/div>\n\t\t","protected":false},"excerpt":{"rendered":"<p>STANDARD BLOG + SIDEBAR<\/p>\n","protected":false},"author":1,"featured_media":0,"parent":0,"menu_order":18,"comment_status":"closed","ping_status":"closed","template":"templates\/blog-standard.php","meta":{"footnotes":""},"class_list":["post-71","page","type-page","status-publish","hentry"],"yoast_head":"<!-- This site is optimized with the Yoast SEO plugin v26.4 - https:\/\/yoast.com\/wordpress\/plugins\/seo\/ -->\n<title>Blog - Standard Sidebar - Le P\u00e9lican - H\u00f4tel \u00e0 Charleville-M\u00e9zi\u00e8res<\/title>\n<meta name=\"robots\" content=\"index, follow, max-snippet:-1, max-image-preview:large, max-video-preview:-1\" \/>\n<link rel=\"canonical\" href=\"https:\/\/www.hotel-pelican-charleville.com\/nl\/blog-standard-sidebar\/\" \/>\n<meta property=\"og:locale\" content=\"nl_NL\" \/>\n<meta property=\"og:type\" content=\"article\" \/>\n<meta property=\"og:title\" content=\"Blog - Standard Sidebar - Le P\u00e9lican - H\u00f4tel \u00e0 Charleville-M\u00e9zi\u00e8res\" \/>\n<meta property=\"og:description\" content=\"STANDARD BLOG + SIDEBAR\" \/>\n<meta property=\"og:url\" content=\"https:\/\/www.hotel-pelican-charleville.com\/nl\/blog-standard-sidebar\/\" \/>\n<meta property=\"og:site_name\" content=\"Le P\u00e9lican - H\u00f4tel \u00e0 Charleville-M\u00e9zi\u00e8res\" \/>\n<meta name=\"twitter:card\" content=\"summary_large_image\" \/>\n<script type=\"application\/ld+json\" class=\"yoast-schema-graph\">{\"@context\":\"https:\/\/schema.org\",\"@graph\":[{\"@type\":\"WebPage\",\"@id\":\"https:\/\/www.hotel-pelican-charleville.com\/nl\/blog-standard-sidebar\/\",\"url\":\"https:\/\/www.hotel-pelican-charleville.com\/nl\/blog-standard-sidebar\/\",\"name\":\"Blog - Standard Sidebar - Le P\u00e9lican - H\u00f4tel \u00e0 Charleville-M\u00e9zi\u00e8res\",\"isPartOf\":{\"@id\":\"https:\/\/www.hotel-pelican-charleville.com\/#website\"},\"datePublished\":\"2017-06-07T16:41:29+00:00\",\"breadcrumb\":{\"@id\":\"https:\/\/www.hotel-pelican-charleville.com\/nl\/blog-standard-sidebar\/#breadcrumb\"},\"inLanguage\":\"nl-NL\",\"potentialAction\":[{\"@type\":\"ReadAction\",\"target\":[\"https:\/\/www.hotel-pelican-charleville.com\/nl\/blog-standard-sidebar\/\"]}]},{\"@type\":\"BreadcrumbList\",\"@id\":\"https:\/\/www.hotel-pelican-charleville.com\/nl\/blog-standard-sidebar\/#breadcrumb\",\"itemListElement\":[{\"@type\":\"ListItem\",\"position\":1,\"name\":\"Accueil\",\"item\":\"https:\/\/www.hotel-pelican-charleville.com\/nl\/onthaal\/\"},{\"@type\":\"ListItem\",\"position\":2,\"name\":\"Blog &#8211; Standard Sidebar\"}]},{\"@type\":\"WebSite\",\"@id\":\"https:\/\/www.hotel-pelican-charleville.com\/#website\",\"url\":\"https:\/\/www.hotel-pelican-charleville.com\/\",\"name\":\"Le P\u00e9lican - H\u00f4tel \u00e0 Charleville-M\u00e9zi\u00e8res\",\"description\":\"Les Ardennes\",\"potentialAction\":[{\"@type\":\"SearchAction\",\"target\":{\"@type\":\"EntryPoint\",\"urlTemplate\":\"https:\/\/www.hotel-pelican-charleville.com\/?s={search_term_string}\"},\"query-input\":{\"@type\":\"PropertyValueSpecification\",\"valueRequired\":true,\"valueName\":\"search_term_string\"}}],\"inLanguage\":\"nl-NL\"}]}<\/script>\n<!-- \/ Yoast SEO plugin. -->","yoast_head_json":{"title":"Blog - Standard Sidebar - Le P\u00e9lican - H\u00f4tel \u00e0 Charleville-M\u00e9zi\u00e8res","robots":{"index":"index","follow":"follow","max-snippet":"max-snippet:-1","max-image-preview":"max-image-preview:large","max-video-preview":"max-video-preview:-1"},"canonical":"https:\/\/www.hotel-pelican-charleville.com\/nl\/blog-standard-sidebar\/","og_locale":"nl_NL","og_type":"article","og_title":"Blog - Standard Sidebar - Le P\u00e9lican - H\u00f4tel \u00e0 Charleville-M\u00e9zi\u00e8res","og_description":"STANDARD BLOG + SIDEBAR","og_url":"https:\/\/www.hotel-pelican-charleville.com\/nl\/blog-standard-sidebar\/","og_site_name":"Le P\u00e9lican - H\u00f4tel \u00e0 Charleville-M\u00e9zi\u00e8res","twitter_card":"summary_large_image","schema":{"@context":"https:\/\/schema.org","@graph":[{"@type":"WebPage","@id":"https:\/\/www.hotel-pelican-charleville.com\/nl\/blog-standard-sidebar\/","url":"https:\/\/www.hotel-pelican-charleville.com\/nl\/blog-standard-sidebar\/","name":"Blog - Standard Sidebar - Le P\u00e9lican - H\u00f4tel \u00e0 Charleville-M\u00e9zi\u00e8res","isPartOf":{"@id":"https:\/\/www.hotel-pelican-charleville.com\/#website"},"datePublished":"2017-06-07T16:41:29+00:00","breadcrumb":{"@id":"https:\/\/www.hotel-pelican-charleville.com\/nl\/blog-standard-sidebar\/#breadcrumb"},"inLanguage":"nl-NL","potentialAction":[{"@type":"ReadAction","target":["https:\/\/www.hotel-pelican-charleville.com\/nl\/blog-standard-sidebar\/"]}]},{"@type":"BreadcrumbList","@id":"https:\/\/www.hotel-pelican-charleville.com\/nl\/blog-standard-sidebar\/#breadcrumb","itemListElement":[{"@type":"ListItem","position":1,"name":"Accueil","item":"https:\/\/www.hotel-pelican-charleville.com\/nl\/onthaal\/"},{"@type":"ListItem","position":2,"name":"Blog &#8211; Standard Sidebar"}]},{"@type":"WebSite","@id":"https:\/\/www.hotel-pelican-charleville.com\/#website","url":"https:\/\/www.hotel-pelican-charleville.com\/","name":"Le P\u00e9lican - H\u00f4tel \u00e0 Charleville-M\u00e9zi\u00e8res","description":"Les Ardennes","potentialAction":[{"@type":"SearchAction","target":{"@type":"EntryPoint","urlTemplate":"https:\/\/www.hotel-pelican-charleville.com\/?s={search_term_string}"},"query-input":{"@type":"PropertyValueSpecification","valueRequired":true,"valueName":"search_term_string"}}],"inLanguage":"nl-NL"}]}},"_links":{"self":[{"href":"https:\/\/www.hotel-pelican-charleville.com\/nl\/wp-json\/wp\/v2\/pages\/71","targetHints":{"allow":["GET"]}}],"collection":[{"href":"https:\/\/www.hotel-pelican-charleville.com\/nl\/wp-json\/wp\/v2\/pages"}],"about":[{"href":"https:\/\/www.hotel-pelican-charleville.com\/nl\/wp-json\/wp\/v2\/types\/page"}],"author":[{"embeddable":true,"href":"https:\/\/www.hotel-pelican-charleville.com\/nl\/wp-json\/wp\/v2\/users\/1"}],"replies":[{"embeddable":true,"href":"https:\/\/www.hotel-pelican-charleville.com\/nl\/wp-json\/wp\/v2\/comments?post=71"}],"version-history":[{"count":0,"href":"https:\/\/www.hotel-pelican-charleville.com\/nl\/wp-json\/wp\/v2\/pages\/71\/revisions"}],"wp:attachment":[{"href":"https:\/\/www.hotel-pelican-charleville.com\/nl\/wp-json\/wp\/v2\/media?parent=71"}],"curies":[{"name":"wp","href":"https:\/\/api.w.org\/{rel}","templated":true}]}}