{"id":1507,"date":"2020-02-26T12:21:02","date_gmt":"2020-02-26T11:21:02","guid":{"rendered":""},"modified":"2020-02-26T12:21:03","modified_gmt":"2020-02-26T11:21:03","slug":"%d0%b1%d1%80%d0%be%d0%bd%d0%b8%d1%80%d0%be%d0%b2%d0%b0%d0%bd%d0%b8%d0%b5-%d0%be%d1%82%d0%bc%d0%b5%d0%bd%d0%b5%d0%bd%d0%be","status":"publish","type":"page","link":"https:\/\/www.hotel-pelican-charleville.com\/ru\/%d0%bf%d0%be%d0%b4%d1%82%d0%b2%d0%b5%d1%80%d0%b6%d0%b4%d0%b5%d0%bd%d0%bd%d0%be%d0%b5-%d0%b1%d1%80%d0%be%d0%bd%d0%b8%d1%80%d0%be%d0%b2%d0%b0%d0%bd%d0%b8%d0%b5\/%d0%b1%d1%80%d0%be%d0%bd%d0%b8%d1%80%d0%be%d0%b2%d0%b0%d0%bd%d0%b8%d0%b5-%d0%be%d1%82%d0%bc%d0%b5%d0%bd%d0%b5%d0%bd%d0%be\/","title":{"rendered":"\u0411\u0440\u043e\u043d\u0438\u0440\u043e\u0432\u0430\u043d\u0438\u0435 \u043e\u0442\u043c\u0435\u043d\u0435\u043d\u043e"},"content":{"rendered":"\t\t<div data-elementor-type=\"wp-post\" data-elementor-id=\"1507\" class=\"elementor elementor-1507\">\n\t\t\t\t\t\t<section class=\"elementor-section elementor-top-section elementor-element elementor-element-5f9ef0b0 elementor-section-height-min-height elementor-section-boxed elementor-section-height-default elementor-section-items-middle\" data-id=\"5f9ef0b0\" data-element_type=\"section\" data-settings=\"{&quot;background_background&quot;:&quot;classic&quot;}\">\n\t\t\t\t\t\t\t<div class=\"elementor-background-overlay\"><\/div>\n\t\t\t\t\t\t\t<div class=\"elementor-container elementor-column-gap-default\">\n\t\t\t\t\t<div class=\"elementor-column elementor-col-100 elementor-top-column elementor-element elementor-element-4f70c9dc\" data-id=\"4f70c9dc\" data-element_type=\"column\">\n\t\t\t<div class=\"elementor-widget-wrap elementor-element-populated\">\n\t\t\t\t\t\t<div class=\"elementor-element elementor-element-5a8df1ae elementor-widget elementor-widget-spacer\" data-id=\"5a8df1ae\" data-element_type=\"widget\" data-widget_type=\"spacer.default\">\n\t\t\t\t<div class=\"elementor-widget-container\">\n\t\t\t\t\t<div class=\"elementor-spacer\">\n\t\t\t<div class=\"elementor-spacer-inner\"><\/div>\n\t\t<\/div>\n\t\t\t\t<\/div>\n\t\t\t\t<\/div>\n\t\t\t\t<div class=\"elementor-element elementor-element-3f26a5ad elementor-view-default elementor-position-top elementor-widget elementor-widget-themo-header\" data-id=\"3f26a5ad\" data-element_type=\"widget\" data-widget_type=\"themo-header.default\">\n\t\t\t\t<div class=\"elementor-widget-container\">\n\t\t\t\t\t<div class=\"th-header-wrap\">\n        <div class=\"elementor-icon-box-wrapper \">\n                            <div class=\"elementor-icon-box-content\">\n                    <h1 class=\"elementor-icon-box-title\">\n                        \u0411\u0440\u043e\u043d\u0438\u0440\u043e\u0432\u0430\u043d\u0438\u0435 \u043e\u0442\u043c\u0435\u043d\u0435\u043d\u043e                    <\/h1>\n                                        <p class=\"elementor-icon-box-description\"><\/p>\n\n                                    <\/div>\n            <\/div>\n\n        <\/div>\n\n\t\t\t\t<\/div>\n\t\t\t\t<\/div>\n\t\t\t\t\t<\/div>\n\t\t<\/div>\n\t\t\t\t\t<\/div>\n\t\t<\/section>\n\t\t\t\t<section class=\"elementor-section elementor-top-section elementor-element elementor-element-5f7ea935 elementor-section-boxed elementor-section-height-default elementor-section-height-default\" data-id=\"5f7ea935\" data-element_type=\"section\">\n\t\t\t\t\t\t<div class=\"elementor-container elementor-column-gap-default\">\n\t\t\t\t\t<div class=\"elementor-column elementor-col-100 elementor-top-column elementor-element elementor-element-5811f35c\" data-id=\"5811f35c\" data-element_type=\"column\">\n\t\t\t<div class=\"elementor-widget-wrap elementor-element-populated\">\n\t\t\t\t\t\t<div class=\"elementor-element elementor-element-46eae47b elementor-widget elementor-widget-spacer\" data-id=\"46eae47b\" data-element_type=\"widget\" data-widget_type=\"spacer.default\">\n\t\t\t\t<div class=\"elementor-widget-container\">\n\t\t\t\t\t<div class=\"elementor-spacer\">\n\t\t\t<div class=\"elementor-spacer-inner\"><\/div>\n\t\t<\/div>\n\t\t\t\t<\/div>\n\t\t\t\t<\/div>\n\t\t\t\t<div class=\"elementor-element elementor-element-4394d4c0 elementor-widget elementor-widget-text-editor\" data-id=\"4394d4c0\" data-element_type=\"widget\" data-widget_type=\"text-editor.default\">\n\t\t\t\t<div class=\"elementor-widget-container\">\n\t\t\t\t\t\t\t<p>\u0412\u0430\u0448\u0435 \u0431\u0440\u043e\u043d\u0438\u0440\u043e\u0432\u0430\u043d\u0438\u0435 \u043e\u0442\u043c\u0435\u043d\u0435\u043d\u043e<\/p>\n\t\t\t\t\t\t<\/div>\n\t\t\t\t<\/div>\n\t\t\t\t<div class=\"elementor-element elementor-element-631b1e85 elementor-widget elementor-widget-spacer\" data-id=\"631b1e85\" data-element_type=\"widget\" data-widget_type=\"spacer.default\">\n\t\t\t\t<div class=\"elementor-widget-container\">\n\t\t\t\t\t<div class=\"elementor-spacer\">\n\t\t\t<div class=\"elementor-spacer-inner\"><\/div>\n\t\t<\/div>\n\t\t\t\t<\/div>\n\t\t\t\t<\/div>\n\t\t\t\t\t<\/div>\n\t\t<\/div>\n\t\t\t\t\t<\/div>\n\t\t<\/section>\n\t\t\t\t<\/div>\n\t\t","protected":false},"excerpt":{"rendered":"<p>\u0411\u0440\u043e\u043d\u0438\u0440\u043e\u0432\u0430\u043d\u0438\u0435 \u043e\u0442\u043c\u0435\u043d\u0435\u043d\u043e \u0412\u0430\u0448\u0435 \u0431\u0440\u043e\u043d\u0438\u0440\u043e\u0432\u0430\u043d\u0438\u0435 \u043e\u0442\u043c\u0435\u043d\u0435\u043d\u043e<\/p>\n","protected":false},"author":1,"featured_media":0,"parent":1503,"menu_order":0,"comment_status":"closed","ping_status":"closed","template":"","meta":{"footnotes":""},"class_list":["post-1507","page","type-page","status-publish","hentry"],"yoast_head":"<!-- This site is optimized with the Yoast SEO plugin v26.4 - https:\/\/yoast.com\/wordpress\/plugins\/seo\/ -->\n<title>\u0411\u0440\u043e\u043d\u0438\u0440\u043e\u0432\u0430\u043d\u0438\u0435 \u043e\u0442\u043c\u0435\u043d\u0435\u043d\u043e - Le P\u00e9lican - H\u00f4tel \u00e0 Charleville-M\u00e9zi\u00e8res<\/title>\n<meta name=\"robots\" content=\"index, follow, max-snippet:-1, max-image-preview:large, max-video-preview:-1\" \/>\n<link rel=\"canonical\" href=\"https:\/\/www.hotel-pelican-charleville.com\/ru\/\u043f\u043e\u0434\u0442\u0432\u0435\u0440\u0436\u0434\u0435\u043d\u043d\u043e\u0435-\u0431\u0440\u043e\u043d\u0438\u0440\u043e\u0432\u0430\u043d\u0438\u0435\/\u0431\u0440\u043e\u043d\u0438\u0440\u043e\u0432\u0430\u043d\u0438\u0435-\u043e\u0442\u043c\u0435\u043d\u0435\u043d\u043e\/\" \/>\n<meta property=\"og:locale\" content=\"ru_RU\" \/>\n<meta property=\"og:type\" content=\"article\" \/>\n<meta property=\"og:title\" content=\"\u0411\u0440\u043e\u043d\u0438\u0440\u043e\u0432\u0430\u043d\u0438\u0435 \u043e\u0442\u043c\u0435\u043d\u0435\u043d\u043e - Le P\u00e9lican - H\u00f4tel \u00e0 Charleville-M\u00e9zi\u00e8res\" \/>\n<meta property=\"og:description\" content=\"\u0411\u0440\u043e\u043d\u0438\u0440\u043e\u0432\u0430\u043d\u0438\u0435 \u043e\u0442\u043c\u0435\u043d\u0435\u043d\u043e \u0412\u0430\u0448\u0435 \u0431\u0440\u043e\u043d\u0438\u0440\u043e\u0432\u0430\u043d\u0438\u0435 \u043e\u0442\u043c\u0435\u043d\u0435\u043d\u043e\" \/>\n<meta property=\"og:url\" content=\"https:\/\/www.hotel-pelican-charleville.com\/ru\/\u043f\u043e\u0434\u0442\u0432\u0435\u0440\u0436\u0434\u0435\u043d\u043d\u043e\u0435-\u0431\u0440\u043e\u043d\u0438\u0440\u043e\u0432\u0430\u043d\u0438\u0435\/\u0431\u0440\u043e\u043d\u0438\u0440\u043e\u0432\u0430\u043d\u0438\u0435-\u043e\u0442\u043c\u0435\u043d\u0435\u043d\u043e\/\" \/>\n<meta property=\"og:site_name\" content=\"Le P\u00e9lican - H\u00f4tel \u00e0 Charleville-M\u00e9zi\u00e8res\" \/>\n<meta property=\"article:modified_time\" content=\"2020-02-26T11:21:03+00:00\" \/>\n<meta name=\"twitter:card\" content=\"summary_large_image\" \/>\n<script type=\"application\/ld+json\" class=\"yoast-schema-graph\">{\"@context\":\"https:\/\/schema.org\",\"@graph\":[{\"@type\":\"WebPage\",\"@id\":\"https:\/\/www.hotel-pelican-charleville.com\/ru\/%d0%bf%d0%be%d0%b4%d1%82%d0%b2%d0%b5%d1%80%d0%b6%d0%b4%d0%b5%d0%bd%d0%bd%d0%be%d0%b5-%d0%b1%d1%80%d0%be%d0%bd%d0%b8%d1%80%d0%be%d0%b2%d0%b0%d0%bd%d0%b8%d0%b5\/%d0%b1%d1%80%d0%be%d0%bd%d0%b8%d1%80%d0%be%d0%b2%d0%b0%d0%bd%d0%b8%d0%b5-%d0%be%d1%82%d0%bc%d0%b5%d0%bd%d0%b5%d0%bd%d0%be\/\",\"url\":\"https:\/\/www.hotel-pelican-charleville.com\/ru\/%d0%bf%d0%be%d0%b4%d1%82%d0%b2%d0%b5%d1%80%d0%b6%d0%b4%d0%b5%d0%bd%d0%bd%d0%be%d0%b5-%d0%b1%d1%80%d0%be%d0%bd%d0%b8%d1%80%d0%be%d0%b2%d0%b0%d0%bd%d0%b8%d0%b5\/%d0%b1%d1%80%d0%be%d0%bd%d0%b8%d1%80%d0%be%d0%b2%d0%b0%d0%bd%d0%b8%d0%b5-%d0%be%d1%82%d0%bc%d0%b5%d0%bd%d0%b5%d0%bd%d0%be\/\",\"name\":\"\u0411\u0440\u043e\u043d\u0438\u0440\u043e\u0432\u0430\u043d\u0438\u0435 \u043e\u0442\u043c\u0435\u043d\u0435\u043d\u043e - Le P\u00e9lican - H\u00f4tel \u00e0 Charleville-M\u00e9zi\u00e8res\",\"isPartOf\":{\"@id\":\"https:\/\/www.hotel-pelican-charleville.com\/#website\"},\"datePublished\":\"2020-02-26T11:21:02+00:00\",\"dateModified\":\"2020-02-26T11:21:03+00:00\",\"breadcrumb\":{\"@id\":\"https:\/\/www.hotel-pelican-charleville.com\/ru\/%d0%bf%d0%be%d0%b4%d1%82%d0%b2%d0%b5%d1%80%d0%b6%d0%b4%d0%b5%d0%bd%d0%bd%d0%be%d0%b5-%d0%b1%d1%80%d0%be%d0%bd%d0%b8%d1%80%d0%be%d0%b2%d0%b0%d0%bd%d0%b8%d0%b5\/%d0%b1%d1%80%d0%be%d0%bd%d0%b8%d1%80%d0%be%d0%b2%d0%b0%d0%bd%d0%b8%d0%b5-%d0%be%d1%82%d0%bc%d0%b5%d0%bd%d0%b5%d0%bd%d0%be\/#breadcrumb\"},\"inLanguage\":\"ru-RU\",\"potentialAction\":[{\"@type\":\"ReadAction\",\"target\":[\"https:\/\/www.hotel-pelican-charleville.com\/ru\/%d0%bf%d0%be%d0%b4%d1%82%d0%b2%d0%b5%d1%80%d0%b6%d0%b4%d0%b5%d0%bd%d0%bd%d0%be%d0%b5-%d0%b1%d1%80%d0%be%d0%bd%d0%b8%d1%80%d0%be%d0%b2%d0%b0%d0%bd%d0%b8%d0%b5\/%d0%b1%d1%80%d0%be%d0%bd%d0%b8%d1%80%d0%be%d0%b2%d0%b0%d0%bd%d0%b8%d0%b5-%d0%be%d1%82%d0%bc%d0%b5%d0%bd%d0%b5%d0%bd%d0%be\/\"]}]},{\"@type\":\"BreadcrumbList\",\"@id\":\"https:\/\/www.hotel-pelican-charleville.com\/ru\/%d0%bf%d0%be%d0%b4%d1%82%d0%b2%d0%b5%d1%80%d0%b6%d0%b4%d0%b5%d0%bd%d0%bd%d0%be%d0%b5-%d0%b1%d1%80%d0%be%d0%bd%d0%b8%d1%80%d0%be%d0%b2%d0%b0%d0%bd%d0%b8%d0%b5\/%d0%b1%d1%80%d0%be%d0%bd%d0%b8%d1%80%d0%be%d0%b2%d0%b0%d0%bd%d0%b8%d0%b5-%d0%be%d1%82%d0%bc%d0%b5%d0%bd%d0%b5%d0%bd%d0%be\/#breadcrumb\",\"itemListElement\":[{\"@type\":\"ListItem\",\"position\":1,\"name\":\"Accueil\",\"item\":\"https:\/\/www.hotel-pelican-charleville.com\/ru\/%d0%b3%d0%bb%d0%b0%d0%b2%d0%bd%d0%b0%d1%8f\/\"},{\"@type\":\"ListItem\",\"position\":2,\"name\":\"\u041f\u043e\u0434\u0442\u0432\u0435\u0440\u0436\u0434\u0435\u043d\u043d\u043e\u0435 \u0431\u0440\u043e\u043d\u0438\u0440\u043e\u0432\u0430\u043d\u0438\u0435\",\"item\":\"https:\/\/www.hotel-pelican-charleville.com\/ru\/%d0%bf%d0%be%d0%b4%d1%82%d0%b2%d0%b5%d1%80%d0%b6%d0%b4%d0%b5%d0%bd%d0%bd%d0%be%d0%b5-%d0%b1%d1%80%d0%be%d0%bd%d0%b8%d1%80%d0%be%d0%b2%d0%b0%d0%bd%d0%b8%d0%b5\/\"},{\"@type\":\"ListItem\",\"position\":3,\"name\":\"\u0411\u0440\u043e\u043d\u0438\u0440\u043e\u0432\u0430\u043d\u0438\u0435 \u043e\u0442\u043c\u0435\u043d\u0435\u043d\u043e\"}]},{\"@type\":\"WebSite\",\"@id\":\"https:\/\/www.hotel-pelican-charleville.com\/#website\",\"url\":\"https:\/\/www.hotel-pelican-charleville.com\/\",\"name\":\"Le P\u00e9lican - H\u00f4tel \u00e0 Charleville-M\u00e9zi\u00e8res\",\"description\":\"Les Ardennes\",\"potentialAction\":[{\"@type\":\"SearchAction\",\"target\":{\"@type\":\"EntryPoint\",\"urlTemplate\":\"https:\/\/www.hotel-pelican-charleville.com\/?s={search_term_string}\"},\"query-input\":{\"@type\":\"PropertyValueSpecification\",\"valueRequired\":true,\"valueName\":\"search_term_string\"}}],\"inLanguage\":\"ru-RU\"}]}<\/script>\n<!-- \/ Yoast SEO plugin. -->","yoast_head_json":{"title":"\u0411\u0440\u043e\u043d\u0438\u0440\u043e\u0432\u0430\u043d\u0438\u0435 \u043e\u0442\u043c\u0435\u043d\u0435\u043d\u043e - Le P\u00e9lican - H\u00f4tel \u00e0 Charleville-M\u00e9zi\u00e8res","robots":{"index":"index","follow":"follow","max-snippet":"max-snippet:-1","max-image-preview":"max-image-preview:large","max-video-preview":"max-video-preview:-1"},"canonical":"https:\/\/www.hotel-pelican-charleville.com\/ru\/\u043f\u043e\u0434\u0442\u0432\u0435\u0440\u0436\u0434\u0435\u043d\u043d\u043e\u0435-\u0431\u0440\u043e\u043d\u0438\u0440\u043e\u0432\u0430\u043d\u0438\u0435\/\u0431\u0440\u043e\u043d\u0438\u0440\u043e\u0432\u0430\u043d\u0438\u0435-\u043e\u0442\u043c\u0435\u043d\u0435\u043d\u043e\/","og_locale":"ru_RU","og_type":"article","og_title":"\u0411\u0440\u043e\u043d\u0438\u0440\u043e\u0432\u0430\u043d\u0438\u0435 \u043e\u0442\u043c\u0435\u043d\u0435\u043d\u043e - Le P\u00e9lican - H\u00f4tel \u00e0 Charleville-M\u00e9zi\u00e8res","og_description":"\u0411\u0440\u043e\u043d\u0438\u0440\u043e\u0432\u0430\u043d\u0438\u0435 \u043e\u0442\u043c\u0435\u043d\u0435\u043d\u043e \u0412\u0430\u0448\u0435 \u0431\u0440\u043e\u043d\u0438\u0440\u043e\u0432\u0430\u043d\u0438\u0435 \u043e\u0442\u043c\u0435\u043d\u0435\u043d\u043e","og_url":"https:\/\/www.hotel-pelican-charleville.com\/ru\/\u043f\u043e\u0434\u0442\u0432\u0435\u0440\u0436\u0434\u0435\u043d\u043d\u043e\u0435-\u0431\u0440\u043e\u043d\u0438\u0440\u043e\u0432\u0430\u043d\u0438\u0435\/\u0431\u0440\u043e\u043d\u0438\u0440\u043e\u0432\u0430\u043d\u0438\u0435-\u043e\u0442\u043c\u0435\u043d\u0435\u043d\u043e\/","og_site_name":"Le P\u00e9lican - H\u00f4tel \u00e0 Charleville-M\u00e9zi\u00e8res","article_modified_time":"2020-02-26T11:21:03+00:00","twitter_card":"summary_large_image","schema":{"@context":"https:\/\/schema.org","@graph":[{"@type":"WebPage","@id":"https:\/\/www.hotel-pelican-charleville.com\/ru\/%d0%bf%d0%be%d0%b4%d1%82%d0%b2%d0%b5%d1%80%d0%b6%d0%b4%d0%b5%d0%bd%d0%bd%d0%be%d0%b5-%d0%b1%d1%80%d0%be%d0%bd%d0%b8%d1%80%d0%be%d0%b2%d0%b0%d0%bd%d0%b8%d0%b5\/%d0%b1%d1%80%d0%be%d0%bd%d0%b8%d1%80%d0%be%d0%b2%d0%b0%d0%bd%d0%b8%d0%b5-%d0%be%d1%82%d0%bc%d0%b5%d0%bd%d0%b5%d0%bd%d0%be\/","url":"https:\/\/www.hotel-pelican-charleville.com\/ru\/%d0%bf%d0%be%d0%b4%d1%82%d0%b2%d0%b5%d1%80%d0%b6%d0%b4%d0%b5%d0%bd%d0%bd%d0%be%d0%b5-%d0%b1%d1%80%d0%be%d0%bd%d0%b8%d1%80%d0%be%d0%b2%d0%b0%d0%bd%d0%b8%d0%b5\/%d0%b1%d1%80%d0%be%d0%bd%d0%b8%d1%80%d0%be%d0%b2%d0%b0%d0%bd%d0%b8%d0%b5-%d0%be%d1%82%d0%bc%d0%b5%d0%bd%d0%b5%d0%bd%d0%be\/","name":"\u0411\u0440\u043e\u043d\u0438\u0440\u043e\u0432\u0430\u043d\u0438\u0435 \u043e\u0442\u043c\u0435\u043d\u0435\u043d\u043e - Le P\u00e9lican - H\u00f4tel \u00e0 Charleville-M\u00e9zi\u00e8res","isPartOf":{"@id":"https:\/\/www.hotel-pelican-charleville.com\/#website"},"datePublished":"2020-02-26T11:21:02+00:00","dateModified":"2020-02-26T11:21:03+00:00","breadcrumb":{"@id":"https:\/\/www.hotel-pelican-charleville.com\/ru\/%d0%bf%d0%be%d0%b4%d1%82%d0%b2%d0%b5%d1%80%d0%b6%d0%b4%d0%b5%d0%bd%d0%bd%d0%be%d0%b5-%d0%b1%d1%80%d0%be%d0%bd%d0%b8%d1%80%d0%be%d0%b2%d0%b0%d0%bd%d0%b8%d0%b5\/%d0%b1%d1%80%d0%be%d0%bd%d0%b8%d1%80%d0%be%d0%b2%d0%b0%d0%bd%d0%b8%d0%b5-%d0%be%d1%82%d0%bc%d0%b5%d0%bd%d0%b5%d0%bd%d0%be\/#breadcrumb"},"inLanguage":"ru-RU","potentialAction":[{"@type":"ReadAction","target":["https:\/\/www.hotel-pelican-charleville.com\/ru\/%d0%bf%d0%be%d0%b4%d1%82%d0%b2%d0%b5%d1%80%d0%b6%d0%b4%d0%b5%d0%bd%d0%bd%d0%be%d0%b5-%d0%b1%d1%80%d0%be%d0%bd%d0%b8%d1%80%d0%be%d0%b2%d0%b0%d0%bd%d0%b8%d0%b5\/%d0%b1%d1%80%d0%be%d0%bd%d0%b8%d1%80%d0%be%d0%b2%d0%b0%d0%bd%d0%b8%d0%b5-%d0%be%d1%82%d0%bc%d0%b5%d0%bd%d0%b5%d0%bd%d0%be\/"]}]},{"@type":"BreadcrumbList","@id":"https:\/\/www.hotel-pelican-charleville.com\/ru\/%d0%bf%d0%be%d0%b4%d1%82%d0%b2%d0%b5%d1%80%d0%b6%d0%b4%d0%b5%d0%bd%d0%bd%d0%be%d0%b5-%d0%b1%d1%80%d0%be%d0%bd%d0%b8%d1%80%d0%be%d0%b2%d0%b0%d0%bd%d0%b8%d0%b5\/%d0%b1%d1%80%d0%be%d0%bd%d0%b8%d1%80%d0%be%d0%b2%d0%b0%d0%bd%d0%b8%d0%b5-%d0%be%d1%82%d0%bc%d0%b5%d0%bd%d0%b5%d0%bd%d0%be\/#breadcrumb","itemListElement":[{"@type":"ListItem","position":1,"name":"Accueil","item":"https:\/\/www.hotel-pelican-charleville.com\/ru\/%d0%b3%d0%bb%d0%b0%d0%b2%d0%bd%d0%b0%d1%8f\/"},{"@type":"ListItem","position":2,"name":"\u041f\u043e\u0434\u0442\u0432\u0435\u0440\u0436\u0434\u0435\u043d\u043d\u043e\u0435 \u0431\u0440\u043e\u043d\u0438\u0440\u043e\u0432\u0430\u043d\u0438\u0435","item":"https:\/\/www.hotel-pelican-charleville.com\/ru\/%d0%bf%d0%be%d0%b4%d1%82%d0%b2%d0%b5%d1%80%d0%b6%d0%b4%d0%b5%d0%bd%d0%bd%d0%be%d0%b5-%d0%b1%d1%80%d0%be%d0%bd%d0%b8%d1%80%d0%be%d0%b2%d0%b0%d0%bd%d0%b8%d0%b5\/"},{"@type":"ListItem","position":3,"name":"\u0411\u0440\u043e\u043d\u0438\u0440\u043e\u0432\u0430\u043d\u0438\u0435 \u043e\u0442\u043c\u0435\u043d\u0435\u043d\u043e"}]},{"@type":"WebSite","@id":"https:\/\/www.hotel-pelican-charleville.com\/#website","url":"https:\/\/www.hotel-pelican-charleville.com\/","name":"Le P\u00e9lican - H\u00f4tel \u00e0 Charleville-M\u00e9zi\u00e8res","description":"Les Ardennes","potentialAction":[{"@type":"SearchAction","target":{"@type":"EntryPoint","urlTemplate":"https:\/\/www.hotel-pelican-charleville.com\/?s={search_term_string}"},"query-input":{"@type":"PropertyValueSpecification","valueRequired":true,"valueName":"search_term_string"}}],"inLanguage":"ru-RU"}]}},"_links":{"self":[{"href":"https:\/\/www.hotel-pelican-charleville.com\/ru\/wp-json\/wp\/v2\/pages\/1507","targetHints":{"allow":["GET"]}}],"collection":[{"href":"https:\/\/www.hotel-pelican-charleville.com\/ru\/wp-json\/wp\/v2\/pages"}],"about":[{"href":"https:\/\/www.hotel-pelican-charleville.com\/ru\/wp-json\/wp\/v2\/types\/page"}],"author":[{"embeddable":true,"href":"https:\/\/www.hotel-pelican-charleville.com\/ru\/wp-json\/wp\/v2\/users\/1"}],"replies":[{"embeddable":true,"href":"https:\/\/www.hotel-pelican-charleville.com\/ru\/wp-json\/wp\/v2\/comments?post=1507"}],"version-history":[{"count":0,"href":"https:\/\/www.hotel-pelican-charleville.com\/ru\/wp-json\/wp\/v2\/pages\/1507\/revisions"}],"up":[{"embeddable":true,"href":"https:\/\/www.hotel-pelican-charleville.com\/ru\/wp-json\/wp\/v2\/pages\/1503"}],"wp:attachment":[{"href":"https:\/\/www.hotel-pelican-charleville.com\/ru\/wp-json\/wp\/v2\/media?parent=1507"}],"curies":[{"name":"wp","href":"https:\/\/api.w.org\/{rel}","templated":true}]}}