{"id":68,"date":"2017-06-27T19:34:51","date_gmt":"2017-06-27T19:34:51","guid":{"rendered":"https:\/\/import.themovation.com\/embark\/walking-tours\/?page_id=904"},"modified":"2017-06-27T19:34:51","modified_gmt":"2017-06-27T19:34:51","slug":"shop-2","status":"publish","type":"page","link":"https:\/\/www.hotel-pelican-charleville.com\/ru\/shop-2\/","title":{"rendered":"Shop"},"content":{"rendered":"\t\t<div data-elementor-type=\"wp-post\" data-elementor-id=\"68\" class=\"elementor elementor-68 elementor-bc-flex-widget\">\n\t\t\t\t\t\t<section class=\"elementor-section elementor-top-section elementor-element elementor-element-yqx5s5x elementor-section-height-min-height elementor-section-boxed elementor-section-height-default elementor-section-items-middle\" data-id=\"yqx5s5x\" data-element_type=\"section\" data-settings=\"{&quot;background_background&quot;:&quot;classic&quot;}\">\n\t\t\t\t\t\t\t<div class=\"elementor-background-overlay\"><\/div>\n\t\t\t\t\t\t\t<div class=\"elementor-container elementor-column-gap-default\">\n\t\t\t\t\t<div class=\"elementor-column elementor-col-100 elementor-top-column elementor-element elementor-element-6ddlmvg\" data-id=\"6ddlmvg\" data-element_type=\"column\">\n\t\t\t<div class=\"elementor-widget-wrap elementor-element-populated\">\n\t\t\t\t\t\t<div class=\"elementor-element elementor-element-b918532 elementor-widget elementor-widget-spacer\" data-id=\"b918532\" data-element_type=\"widget\" data-widget_type=\"spacer.default\">\n\t\t\t\t<div class=\"elementor-widget-container\">\n\t\t\t\t\t<div class=\"elementor-spacer\">\n\t\t\t<div class=\"elementor-spacer-inner\"><\/div>\n\t\t<\/div>\n\t\t\t\t<\/div>\n\t\t\t\t<\/div>\n\t\t\t\t<div class=\"elementor-element elementor-element-z3pecxf elementor-view-default elementor-position-top elementor-widget elementor-widget-themo-header\" data-id=\"z3pecxf\" data-element_type=\"widget\" data-widget_type=\"themo-header.default\">\n\t\t\t\t<div class=\"elementor-widget-container\">\n\t\t\t\t\t<div class=\"th-header-wrap\">\n        <div class=\"elementor-icon-box-wrapper \">\n                            <div class=\"elementor-icon-box-content\">\n                    <h1 class=\"elementor-icon-box-title\">\n                        SHOP                    <\/h1>\n                                        <p class=\"elementor-icon-box-description\"><\/p>\n\n                                    <\/div>\n            <\/div>\n\n        <\/div>\n\n\t\t\t\t<\/div>\n\t\t\t\t<\/div>\n\t\t\t\t\t<\/div>\n\t\t<\/div>\n\t\t\t\t\t<\/div>\n\t\t<\/section>\n\t\t\t\t<section class=\"elementor-section elementor-top-section elementor-element elementor-element-hebeukf elementor-section-boxed elementor-section-height-default elementor-section-height-default\" data-id=\"hebeukf\" data-element_type=\"section\">\n\t\t\t\t\t\t<div class=\"elementor-container elementor-column-gap-default\">\n\t\t\t\t\t<div class=\"elementor-column elementor-col-100 elementor-top-column elementor-element elementor-element-mvifroi\" data-id=\"mvifroi\" data-element_type=\"column\">\n\t\t\t<div class=\"elementor-widget-wrap elementor-element-populated\">\n\t\t\t\t\t\t<div class=\"elementor-element elementor-element-vya1b0v elementor-widget elementor-widget-spacer\" data-id=\"vya1b0v\" data-element_type=\"widget\" data-widget_type=\"spacer.default\">\n\t\t\t\t<div class=\"elementor-widget-container\">\n\t\t\t\t\t<div class=\"elementor-spacer\">\n\t\t\t<div class=\"elementor-spacer-inner\"><\/div>\n\t\t<\/div>\n\t\t\t\t<\/div>\n\t\t\t\t<\/div>\n\t\t\t\t<div class=\"elementor-element elementor-element-pxwomkq elementor-widget elementor-widget-text-editor\" data-id=\"pxwomkq\" data-element_type=\"widget\" data-widget_type=\"text-editor.default\">\n\t\t\t\t<div class=\"elementor-widget-container\">\n\t\t\t\t\t\t\t<p>[products]<\/p>\t\t\t\t\t\t<\/div>\n\t\t\t\t<\/div>\n\t\t\t\t\t<\/div>\n\t\t<\/div>\n\t\t\t\t\t<\/div>\n\t\t<\/section>\n\t\t\t\t<\/div>\n\t\t","protected":false},"excerpt":{"rendered":"<p>SHOP [products]<\/p>\n","protected":false},"author":1,"featured_media":0,"parent":0,"menu_order":30,"comment_status":"closed","ping_status":"closed","template":"","meta":{"footnotes":""},"class_list":["post-68","page","type-page","status-publish","hentry"],"yoast_head":"<!-- This site is optimized with the Yoast SEO plugin v26.4 - https:\/\/yoast.com\/wordpress\/plugins\/seo\/ -->\n<title>Shop - Le P\u00e9lican - H\u00f4tel \u00e0 Charleville-M\u00e9zi\u00e8res<\/title>\n<meta name=\"robots\" content=\"index, follow, max-snippet:-1, max-image-preview:large, max-video-preview:-1\" \/>\n<link rel=\"canonical\" href=\"https:\/\/www.hotel-pelican-charleville.com\/ru\/shop-2\/\" \/>\n<meta property=\"og:locale\" content=\"ru_RU\" \/>\n<meta property=\"og:type\" content=\"article\" \/>\n<meta property=\"og:title\" content=\"Shop - Le P\u00e9lican - H\u00f4tel \u00e0 Charleville-M\u00e9zi\u00e8res\" \/>\n<meta property=\"og:description\" content=\"SHOP [products]\" \/>\n<meta property=\"og:url\" content=\"https:\/\/www.hotel-pelican-charleville.com\/shop-2\/\" \/>\n<meta property=\"og:site_name\" content=\"Le P\u00e9lican - H\u00f4tel \u00e0 Charleville-M\u00e9zi\u00e8res\" \/>\n<meta name=\"twitter:card\" content=\"summary_large_image\" \/>\n<script type=\"application\/ld+json\" class=\"yoast-schema-graph\">{\"@context\":\"https:\/\/schema.org\",\"@graph\":[{\"@type\":\"WebPage\",\"@id\":\"https:\/\/www.hotel-pelican-charleville.com\/shop-2\/\",\"url\":\"https:\/\/www.hotel-pelican-charleville.com\/shop-2\/\",\"name\":\"Shop - Le P\u00e9lican - H\u00f4tel \u00e0 Charleville-M\u00e9zi\u00e8res\",\"isPartOf\":{\"@id\":\"https:\/\/www.hotel-pelican-charleville.com\/#website\"},\"datePublished\":\"2017-06-27T19:34:51+00:00\",\"breadcrumb\":{\"@id\":\"https:\/\/www.hotel-pelican-charleville.com\/shop-2\/#breadcrumb\"},\"inLanguage\":\"ru-RU\",\"potentialAction\":[{\"@type\":\"ReadAction\",\"target\":[\"https:\/\/www.hotel-pelican-charleville.com\/shop-2\/\"]}]},{\"@type\":\"BreadcrumbList\",\"@id\":\"https:\/\/www.hotel-pelican-charleville.com\/shop-2\/#breadcrumb\",\"itemListElement\":[{\"@type\":\"ListItem\",\"position\":1,\"name\":\"Accueil\",\"item\":\"https:\/\/www.hotel-pelican-charleville.com\/ru\/%d0%b3%d0%bb%d0%b0%d0%b2%d0%bd%d0%b0%d1%8f\/\"},{\"@type\":\"ListItem\",\"position\":2,\"name\":\"Shop\"}]},{\"@type\":\"WebSite\",\"@id\":\"https:\/\/www.hotel-pelican-charleville.com\/#website\",\"url\":\"https:\/\/www.hotel-pelican-charleville.com\/\",\"name\":\"Le P\u00e9lican - H\u00f4tel \u00e0 Charleville-M\u00e9zi\u00e8res\",\"description\":\"Les Ardennes\",\"potentialAction\":[{\"@type\":\"SearchAction\",\"target\":{\"@type\":\"EntryPoint\",\"urlTemplate\":\"https:\/\/www.hotel-pelican-charleville.com\/?s={search_term_string}\"},\"query-input\":{\"@type\":\"PropertyValueSpecification\",\"valueRequired\":true,\"valueName\":\"search_term_string\"}}],\"inLanguage\":\"ru-RU\"}]}<\/script>\n<!-- \/ Yoast SEO plugin. -->","yoast_head_json":{"title":"Shop - Le P\u00e9lican - H\u00f4tel \u00e0 Charleville-M\u00e9zi\u00e8res","robots":{"index":"index","follow":"follow","max-snippet":"max-snippet:-1","max-image-preview":"max-image-preview:large","max-video-preview":"max-video-preview:-1"},"canonical":"https:\/\/www.hotel-pelican-charleville.com\/ru\/shop-2\/","og_locale":"ru_RU","og_type":"article","og_title":"Shop - Le P\u00e9lican - H\u00f4tel \u00e0 Charleville-M\u00e9zi\u00e8res","og_description":"SHOP [products]","og_url":"https:\/\/www.hotel-pelican-charleville.com\/shop-2\/","og_site_name":"Le P\u00e9lican - H\u00f4tel \u00e0 Charleville-M\u00e9zi\u00e8res","twitter_card":"summary_large_image","schema":{"@context":"https:\/\/schema.org","@graph":[{"@type":"WebPage","@id":"https:\/\/www.hotel-pelican-charleville.com\/shop-2\/","url":"https:\/\/www.hotel-pelican-charleville.com\/shop-2\/","name":"Shop - Le P\u00e9lican - H\u00f4tel \u00e0 Charleville-M\u00e9zi\u00e8res","isPartOf":{"@id":"https:\/\/www.hotel-pelican-charleville.com\/#website"},"datePublished":"2017-06-27T19:34:51+00:00","breadcrumb":{"@id":"https:\/\/www.hotel-pelican-charleville.com\/shop-2\/#breadcrumb"},"inLanguage":"ru-RU","potentialAction":[{"@type":"ReadAction","target":["https:\/\/www.hotel-pelican-charleville.com\/shop-2\/"]}]},{"@type":"BreadcrumbList","@id":"https:\/\/www.hotel-pelican-charleville.com\/shop-2\/#breadcrumb","itemListElement":[{"@type":"ListItem","position":1,"name":"Accueil","item":"https:\/\/www.hotel-pelican-charleville.com\/ru\/%d0%b3%d0%bb%d0%b0%d0%b2%d0%bd%d0%b0%d1%8f\/"},{"@type":"ListItem","position":2,"name":"Shop"}]},{"@type":"WebSite","@id":"https:\/\/www.hotel-pelican-charleville.com\/#website","url":"https:\/\/www.hotel-pelican-charleville.com\/","name":"Le P\u00e9lican - H\u00f4tel \u00e0 Charleville-M\u00e9zi\u00e8res","description":"Les Ardennes","potentialAction":[{"@type":"SearchAction","target":{"@type":"EntryPoint","urlTemplate":"https:\/\/www.hotel-pelican-charleville.com\/?s={search_term_string}"},"query-input":{"@type":"PropertyValueSpecification","valueRequired":true,"valueName":"search_term_string"}}],"inLanguage":"ru-RU"}]}},"_links":{"self":[{"href":"https:\/\/www.hotel-pelican-charleville.com\/ru\/wp-json\/wp\/v2\/pages\/68","targetHints":{"allow":["GET"]}}],"collection":[{"href":"https:\/\/www.hotel-pelican-charleville.com\/ru\/wp-json\/wp\/v2\/pages"}],"about":[{"href":"https:\/\/www.hotel-pelican-charleville.com\/ru\/wp-json\/wp\/v2\/types\/page"}],"author":[{"embeddable":true,"href":"https:\/\/www.hotel-pelican-charleville.com\/ru\/wp-json\/wp\/v2\/users\/1"}],"replies":[{"embeddable":true,"href":"https:\/\/www.hotel-pelican-charleville.com\/ru\/wp-json\/wp\/v2\/comments?post=68"}],"version-history":[{"count":0,"href":"https:\/\/www.hotel-pelican-charleville.com\/ru\/wp-json\/wp\/v2\/pages\/68\/revisions"}],"wp:attachment":[{"href":"https:\/\/www.hotel-pelican-charleville.com\/ru\/wp-json\/wp\/v2\/media?parent=68"}],"curies":[{"name":"wp","href":"https:\/\/api.w.org\/{rel}","templated":true}]}}